{"id":628,"date":"2009-05-06T11:43:24","date_gmt":"2009-05-06T16:43:24","guid":{"rendered":"http:\/\/wpzoom.com\/zenko\/demo\/?page_id=3"},"modified":"2024-09-16T05:00:33","modified_gmt":"2024-09-16T05:00:33","slug":"contact","status":"publish","type":"page","link":"https:\/\/luna.krd.lt\/index.php\/contact\/","title":{"rendered":"Kontaktai"},"content":{"rendered":"\n<div class=\"wp-block-cover alignfull\" style=\"min-height:395px;aspect-ratio:unset;\"><span aria-hidden=\"true\" class=\"wp-block-cover__background has-primary-background-color has-background-dim-40 has-background-dim\"><\/span><img loading=\"lazy\" decoding=\"async\" width=\"2048\" height=\"1365\" class=\"wp-block-cover__image-background wp-image-6980\" alt=\"\" src=\"https:\/\/luna.krd.lt\/wp-content\/uploads\/2024\/08\/347613834_159168483848441_3255242481667839103_n-1.jpg\" style=\"object-position:56% 56%\" data-object-fit=\"cover\" data-object-position=\"56% 56%\" srcset=\"https:\/\/luna.krd.lt\/wp-content\/uploads\/2024\/08\/347613834_159168483848441_3255242481667839103_n-1.jpg 2048w, https:\/\/luna.krd.lt\/wp-content\/uploads\/2024\/08\/347613834_159168483848441_3255242481667839103_n-1-300x200.jpg 300w, https:\/\/luna.krd.lt\/wp-content\/uploads\/2024\/08\/347613834_159168483848441_3255242481667839103_n-1-1024x683.jpg 1024w, https:\/\/luna.krd.lt\/wp-content\/uploads\/2024\/08\/347613834_159168483848441_3255242481667839103_n-1-2000x1333.jpg 2000w, https:\/\/luna.krd.lt\/wp-content\/uploads\/2024\/08\/347613834_159168483848441_3255242481667839103_n-1-600x400.jpg 600w, https:\/\/luna.krd.lt\/wp-content\/uploads\/2024\/08\/347613834_159168483848441_3255242481667839103_n-1-1200x800.jpg 1200w\" sizes=\"auto, (max-width: 2048px) 100vw, 2048px\" \/><div class=\"wp-block-cover__inner-container is-layout-flow wp-block-cover-is-layout-flow\">\n<p class=\"has-text-align-center has-white-color has-text-color\" style=\"font-size:clamp(37.821px, 2.364rem + ((1vw - 3.2px) * 3.352), 70px);font-style:normal;font-weight:400\"><strong>Kontaktai<\/strong><\/p>\n\n\n\n<div style=\"height:119px\" aria-hidden=\"true\" class=\"wp-block-spacer\"><\/div>\n<\/div><\/div>\n\n\n\n<div style=\"height:73px\" aria-hidden=\"true\" class=\"wp-block-spacer\"><\/div>\n\n\n\n<p class=\"has-text-align-center has-medium-font-size\"><strong>Turite klausim\u0173? Ar tiesiog norite palikti atsiliepim\u0105? <\/strong><\/p>\n\n\n\n<p class=\"has-text-align-center\">Kvie\u010diame Jus susisiekti nurodytais kontaktais arba u\u017epildyti kontakt\u0173 form\u0105 apa\u010dioje. J\u016bs\u0173 nuomon\u0117 bei atsiliepimai padeda mums tobul\u0117ti!<\/p>\n\n\n\n<div style=\"height:13px\" aria-hidden=\"true\" class=\"wp-block-spacer\"><\/div>\n\n\n\n<div class=\"wp-block-columns is-layout-flex wp-container-core-columns-is-layout-28f84493 wp-block-columns-is-layout-flex\">\n<div class=\"wp-block-column is-layout-flow wp-block-column-is-layout-flow\">\n<p class=\"has-text-align-center has-medium-font-size\"><strong>M\u016bs\u0173 adresas<\/strong><\/p>\n\n\n\n<p class=\"has-text-align-center has-medium-font-size\">Mokyklos g. 1, Mokolai, 68460 <br>Marijampol\u0117s sav. Lietuva<\/p>\n<\/div>\n\n\n\n<div class=\"wp-block-column is-layout-flow wp-block-column-is-layout-flow\">\n<p class=\"has-text-align-center has-medium-font-size\"><strong>M\u016bs\u0173 telefonas<\/strong><\/p>\n\n\n\n<p class=\"has-text-align-center has-medium-font-size\">(8-655) 40520<\/p>\n\n\n\n<p class=\"has-text-align-center has-medium-font-size\"><strong>Restorano rezervacija<\/strong><\/p>\n\n\n\n<p class=\"has-text-align-center has-medium-font-size\">(8-659) 03431<\/p>\n<\/div>\n\n\n\n<div class=\"wp-block-column is-layout-flow wp-block-column-is-layout-flow\">\n<p class=\"has-text-align-center has-medium-font-size\"><strong>M\u016bs\u0173 el.pa\u0161tas<\/strong><\/p>\n\n\n\n<p class=\"has-text-align-center has-medium-font-size\">info@lunamarijampole.lt<\/p>\n<\/div>\n<\/div>\n\n\n\n<p><\/p>\n\n\n\n<div style=\"height:24px\" aria-hidden=\"true\" class=\"wp-block-spacer\"><\/div>\n\n\n\n<hr class=\"wp-block-separator has-alpha-channel-opacity is-style-wide\"\/>\n\n\n\n<div style=\"height:38px\" aria-hidden=\"true\" class=\"wp-block-spacer\"><\/div>\n\n\n\n<div class=\"wp-block-columns is-layout-flex wp-container-core-columns-is-layout-28f84493 wp-block-columns-is-layout-flex\">\n<div class=\"wp-block-column is-layout-flow wp-block-column-is-layout-flow\">\n<p class=\"has-text-align-center has-medium-font-size\"><strong>Kontakt\u0173 forma<\/strong><\/p>\n\n\n<style id=\"wpforms-css-vars-root\">\n\t\t\t\t:root {\n\t\t\t\t\t--wpforms-field-border-radius: 3px;\n--wpforms-field-border-style: solid;\n--wpforms-field-border-size: 1px;\n--wpforms-field-background-color: #ffffff;\n--wpforms-field-border-color: rgba( 0, 0, 0, 0.25 );\n--wpforms-field-border-color-spare: rgba( 0, 0, 0, 0.25 );\n--wpforms-field-text-color: rgba( 0, 0, 0, 0.7 );\n--wpforms-field-menu-color: #ffffff;\n--wpforms-label-color: rgba( 0, 0, 0, 0.85 );\n--wpforms-label-sublabel-color: rgba( 0, 0, 0, 0.55 );\n--wpforms-label-error-color: #d63637;\n--wpforms-button-border-radius: 3px;\n--wpforms-button-border-style: none;\n--wpforms-button-border-size: 1px;\n--wpforms-button-background-color: #066aab;\n--wpforms-button-border-color: #066aab;\n--wpforms-button-text-color: #ffffff;\n--wpforms-page-break-color: #066aab;\n--wpforms-background-image: none;\n--wpforms-background-position: center center;\n--wpforms-background-repeat: no-repeat;\n--wpforms-background-size: cover;\n--wpforms-background-width: 100px;\n--wpforms-background-height: 100px;\n--wpforms-background-color: rgba( 0, 0, 0, 0 );\n--wpforms-background-url: none;\n--wpforms-container-padding: 0px;\n--wpforms-container-border-style: none;\n--wpforms-container-border-width: 1px;\n--wpforms-container-border-color: #000000;\n--wpforms-container-border-radius: 3px;\n--wpforms-field-size-input-height: 43px;\n--wpforms-field-size-input-spacing: 15px;\n--wpforms-field-size-font-size: 16px;\n--wpforms-field-size-line-height: 19px;\n--wpforms-field-size-padding-h: 14px;\n--wpforms-field-size-checkbox-size: 16px;\n--wpforms-field-size-sublabel-spacing: 5px;\n--wpforms-field-size-icon-size: 1;\n--wpforms-label-size-font-size: 16px;\n--wpforms-label-size-line-height: 19px;\n--wpforms-label-size-sublabel-font-size: 14px;\n--wpforms-label-size-sublabel-line-height: 17px;\n--wpforms-button-size-font-size: 17px;\n--wpforms-button-size-height: 41px;\n--wpforms-button-size-padding-h: 15px;\n--wpforms-button-size-margin-top: 10px;\n--wpforms-container-shadow-size-box-shadow: none;\n\n\t\t\t\t}\n\t\t\t<\/style><div class=\"wpforms-container wpforms-container-full wpforms-block wpforms-block-077475fc-afac-484e-a8e5-0c0e3d3a4585 wpforms-render-modern\" id=\"wpforms-6998\"><form id=\"wpforms-form-6998\" class=\"wpforms-validate wpforms-form wpforms-ajax-form\" data-formid=\"6998\" method=\"post\" enctype=\"multipart\/form-data\" action=\"\/index.php\/wp-json\/wp\/v2\/pages\/628\" data-token=\"074542ec6ee582e7a099699ac40e78f5\" data-token-time=\"1776140608\"><noscript class=\"wpforms-error-noscript\">Please enable JavaScript in your browser to complete this form.<\/noscript><div class=\"wpforms-hidden\" id=\"wpforms-error-noscript\">Please enable JavaScript in your browser to complete this form.<\/div><div class=\"wpforms-field-container\"><div id=\"wpforms-6998-field_1-container\" class=\"wpforms-field wpforms-field-text\" data-field-id=\"1\"><label class=\"wpforms-field-label\" for=\"wpforms-6998-field_1\">Vardas, Pavard\u0117&#8230; <span class=\"wpforms-required-label\" aria-hidden=\"true\">*<\/span><\/label><input type=\"text\" id=\"wpforms-6998-field_1\" class=\"wpforms-field-large wpforms-field-required\" name=\"wpforms[fields][1]\" placeholder=\"J\u016bs\u0173 vardas ir pavard\u0117\" aria-errormessage=\"wpforms-6998-field_1-error\" required><\/div><div id=\"wpforms-6998-field_4-container\" class=\"wpforms-field wpforms-field-email\" data-field-id=\"4\"><label class=\"wpforms-field-label\" for=\"wpforms-6998-field_4\">El.pa\u0161tas <span class=\"wpforms-required-label\" aria-hidden=\"true\">*<\/span><\/label><input type=\"email\" id=\"wpforms-6998-field_4\" class=\"wpforms-field-large wpforms-field-required\" name=\"wpforms[fields][4]\" placeholder=\"J\u016bs\u0173 el.pa\u0161to adresas\" spellcheck=\"false\" aria-errormessage=\"wpforms-6998-field_4-error\" required><\/div><div id=\"wpforms-6998-field_3-container\" class=\"wpforms-field wpforms-field-text\" data-field-id=\"3\"><label class=\"wpforms-field-label\" for=\"wpforms-6998-field_3\">Prane\u0161imo tema <span class=\"wpforms-required-label\" aria-hidden=\"true\">*<\/span><\/label><input type=\"text\" id=\"wpforms-6998-field_3\" class=\"wpforms-field-large wpforms-field-required\" name=\"wpforms[fields][3]\" placeholder=\"Prane\u0161imo tema...\" aria-errormessage=\"wpforms-6998-field_3-error\" required><\/div><div id=\"wpforms-6998-field_2-container\" class=\"wpforms-field wpforms-field-textarea\" data-field-id=\"2\"><label class=\"wpforms-field-label\" for=\"wpforms-6998-field_2\">Prane\u0161imas <span class=\"wpforms-required-label\" aria-hidden=\"true\">*<\/span><\/label><textarea id=\"wpforms-6998-field_2\" class=\"wpforms-field-medium wpforms-field-required\" name=\"wpforms[fields][2]\" placeholder=\"Prane\u0161imo tekstas...\" aria-errormessage=\"wpforms-6998-field_2-error\" required><\/textarea><\/div><\/div><!-- .wpforms-field-container --><div class=\"wpforms-submit-container\" ><input type=\"hidden\" name=\"wpforms[id]\" value=\"6998\"><input type=\"hidden\" name=\"page_title\" value=\"\"><input type=\"hidden\" name=\"page_url\" value=\"https:\/\/luna.krd.lt\/index.php\/wp-json\/wp\/v2\/pages\/628\"><button type=\"submit\" name=\"wpforms[submit]\" id=\"wpforms-submit-6998\" class=\"wpforms-submit\" data-alt-text=\"Siun\u010diama...\" data-submit-text=\"Si\u0173sti\" aria-live=\"assertive\" value=\"wpforms-submit\">Si\u0173sti<\/button><img loading=\"lazy\" decoding=\"async\" src=\"https:\/\/luna.krd.lt\/wp-content\/plugins\/wpforms-lite\/assets\/images\/submit-spin.svg\" class=\"wpforms-submit-spinner\" style=\"display: none;\" width=\"26\" height=\"26\" alt=\"Loading\"><\/div><\/form><\/div>  <!-- .wpforms-container --><\/div>\n\n\n\n<div class=\"wp-block-column is-layout-flow wp-block-column-is-layout-flow\">\n<p class=\"has-text-align-center has-medium-font-size\"><strong>Vieta \u017eem\u0117lapyje<\/strong><\/p>\n\n\n\n<iframe src=\"https:\/\/www.google.com\/maps\/embed?pb=!1m18!1m12!1m3!1d395.9584084540477!2d23.338050202375392!3d54.57010925946549!2m3!1f0!2f0!3f0!3m2!1i1024!2i768!4f13.1!3m3!1m2!1s0x46e12a25e43ad3e7%3A0xb450acc3eef57ce8!2sLuna!5e0!3m2!1sen!2slt!4v1724026489530!5m2!1sen!2slt\" width=\"1200\" height=\"1300\" style=\"border:0;\" allowfullscreen=\"\" loading=\"lazy\" referrerpolicy=\"no-referrer-when-downgrade\"><\/iframe>\n<\/div>\n<\/div>\n\n\n\n<div style=\"height:99px\" aria-hidden=\"true\" class=\"wp-block-spacer\"><\/div>\n\n\n\n<p><\/p>\n","protected":false},"excerpt":{"rendered":"<p>Turite klausim\u0173? Ar tiesiog norite palikti atsiliepim\u0105? Kvie\u010diame Jus susisiekti nurodytais kontaktais arba u\u017epildyti kontakt\u0173 form\u0105 apa\u010dioje. J\u016bs\u0173 nuomon\u0117 bei atsiliepimai padeda mums tobul\u0117ti! M\u016bs\u0173 adresas Mokyklos g. 1, Mokolai, 68460 Marijampol\u0117s sav. Lietuva M\u016bs\u0173 telefonas (8-655) 40520 Restorano rezervacija (8-659) 03431 M\u016bs\u0173 el.pa\u0161tas info@lunamarijampole.lt Kontakt\u0173 forma Vieta \u017eem\u0117lapyje<\/p>\n","protected":false},"author":1,"featured_media":0,"parent":0,"menu_order":0,"comment_status":"open","ping_status":"closed","template":"page-templates\/no-title.php","meta":{"footnotes":""},"class_list":["post-628","page","type-page","status-publish","hentry"],"featured_media_urls":[],"_links":{"self":[{"href":"https:\/\/luna.krd.lt\/index.php\/wp-json\/wp\/v2\/pages\/628","targetHints":{"allow":["GET"]}}],"collection":[{"href":"https:\/\/luna.krd.lt\/index.php\/wp-json\/wp\/v2\/pages"}],"about":[{"href":"https:\/\/luna.krd.lt\/index.php\/wp-json\/wp\/v2\/types\/page"}],"author":[{"embeddable":true,"href":"https:\/\/luna.krd.lt\/index.php\/wp-json\/wp\/v2\/users\/1"}],"replies":[{"embeddable":true,"href":"https:\/\/luna.krd.lt\/index.php\/wp-json\/wp\/v2\/comments?post=628"}],"version-history":[{"count":30,"href":"https:\/\/luna.krd.lt\/index.php\/wp-json\/wp\/v2\/pages\/628\/revisions"}],"predecessor-version":[{"id":7365,"href":"https:\/\/luna.krd.lt\/index.php\/wp-json\/wp\/v2\/pages\/628\/revisions\/7365"}],"wp:attachment":[{"href":"https:\/\/luna.krd.lt\/index.php\/wp-json\/wp\/v2\/media?parent=628"}],"curies":[{"name":"wp","href":"https:\/\/api.w.org\/{rel}","templated":true}]}}