{"id":6922,"date":"2023-11-19T10:39:22","date_gmt":"2023-11-19T10:39:22","guid":{"rendered":"http:\/\/demo.wpzoom.com\/inspiro-lite-blocks-xml\/?page_id=6922"},"modified":"2024-09-11T17:25:16","modified_gmt":"2024-09-11T17:25:16","slug":"homepage","status":"publish","type":"page","link":"https:\/\/luna.krd.lt\/","title":{"rendered":"Homepage"},"content":{"rendered":"\n<div class=\"wp-block-cover alignfull\" style=\"min-height:100vh;aspect-ratio:unset;\"><span aria-hidden=\"true\" class=\"wp-block-cover__background has-primary-background-color has-background-dim-70 has-background-dim\"><\/span><video class=\"wp-block-cover__video-background intrinsic-ignore\" autoplay muted loop playsinline src=\"https:\/\/luna.krd.lt\/wp-content\/uploads\/2024\/09\/Untitled-design.mp4\" data-object-fit=\"cover\"><\/video><div class=\"wp-block-cover__inner-container has-global-padding is-layout-constrained wp-block-cover-is-layout-constrained\">\n<h1 class=\"wp-block-heading has-text-align-center has-white-color has-text-color has-max-72-font-size\">Maistas, poilsis, pramogos<\/h1>\n\n\n\n<hr class=\"wp-block-separator has-text-color has-alpha-channel-opacity has-background is-style-default\" style=\"margin-top:var(--wp--preset--spacing--x-small);margin-bottom:var(--wp--preset--spacing--x-small);background-color:#ffffff47;color:#ffffff47\"\/>\n\n\n\n<p class=\"has-text-align-center has-white-color has-text-color has-medium-font-size\">Viskas viename pramog\u0173 komplekse!<\/p>\n\n\n\n<p><\/p>\n\n\n\n<div class=\"wp-block-buttons is-content-justification-center is-layout-flex wp-container-core-buttons-is-layout-a89b3969 wp-block-buttons-is-layout-flex\"><\/div>\n<\/div><\/div>\n\n\n\n<div style=\"height:12px\" aria-hidden=\"true\" class=\"wp-block-spacer\"><\/div>\n\n\n\n<div id=\"team\" class=\"wp-block-group has-global-padding is-layout-constrained wp-container-core-group-is-layout-3a820303 wp-block-group-is-layout-constrained\" style=\"padding-right:var(--wp--preset--spacing--small);padding-left:var(--wp--preset--spacing--small)\">\n<div class=\"wp-block-group is-layout-flow wp-block-group-is-layout-flow\">\n<div style=\"height:0px\" aria-hidden=\"true\" class=\"wp-block-spacer\"><\/div>\n<\/div>\n<\/div>\n\n\n\n<div class=\"wp-block-group alignfull pattern_multiple_covers has-white-background-color has-background has-global-padding is-layout-constrained wp-block-group-is-layout-constrained\" id=\"services\">\n<div style=\"height:0px\" aria-hidden=\"true\" class=\"wp-block-spacer\"><\/div>\n<\/div>\n\n\n\n<div class=\"wp-block-group alignfull pattern_multiple_covers has-white-background-color has-background has-global-padding is-layout-constrained wp-block-group-is-layout-constrained\" id=\"services\">\n<h2 class=\"wp-block-heading has-text-align-center\">Apie kompleks\u0105<\/h2>\n\n\n\n<p class=\"has-text-align-center\">Tai vieta, kurioje galite atitr\u016bkti nuo kasdienini\u0173 r\u016bpes\u010di\u0173 pasim\u0117gauti gurmani\u0161kais profesionali\u0173 vir\u0117j\u0173 pagamintais patiekalais, apsistoti sve\u010di\u0173 namuose ar tiesiog pa\u017eaisti bouling\u0105, biliard\u0105 ar stalo futbol\u0105.<\/p>\n\n\n\n<div style=\"height:46px\" aria-hidden=\"true\" class=\"wp-block-spacer\"><\/div>\n\n\n\n<div class=\"wp-block-columns is-layout-flex wp-container-core-columns-is-layout-28f84493 wp-block-columns-is-layout-flex\">\n<div class=\"wp-block-column is-layout-flow wp-block-column-is-layout-flow\" style=\"padding-top:0;padding-right:0;padding-bottom:0;padding-left:0\">\n<div class=\"wp-block-cover has-custom-content-position is-position-bottom-left\" style=\"padding-top:var(--wp--preset--spacing--small);padding-right:var(--wp--preset--spacing--x-small);padding-bottom:var(--wp--preset--spacing--small);padding-left:var(--wp--preset--spacing--x-small);min-height:896px;aspect-ratio:unset;\"><span aria-hidden=\"true\" class=\"wp-block-cover__background has-primary-background-color has-background-dim-40 has-background-dim\"><\/span><img loading=\"lazy\" decoding=\"async\" width=\"1024\" height=\"683\" class=\"wp-block-cover__image-background wp-image-7027\" alt=\"\" src=\"https:\/\/luna.krd.lt\/wp-content\/uploads\/2024\/08\/478592249.jpg\" style=\"object-position:44% 83%\" data-object-fit=\"cover\" data-object-position=\"44% 83%\" srcset=\"https:\/\/luna.krd.lt\/wp-content\/uploads\/2024\/08\/478592249.jpg 1024w, https:\/\/luna.krd.lt\/wp-content\/uploads\/2024\/08\/478592249-300x200.jpg 300w, https:\/\/luna.krd.lt\/wp-content\/uploads\/2024\/08\/478592249-600x400.jpg 600w\" sizes=\"auto, (max-width: 1024px) 100vw, 1024px\" \/><div class=\"wp-block-cover__inner-container is-layout-flow wp-block-cover-is-layout-flow\">\n<h3 class=\"wp-block-heading has-white-color has-text-color has-medium-font-size\" style=\"margin-top:0;margin-right:0;margin-bottom:0;margin-left:0\">Sve\u010di\u0173 namai | Svetingas sutikimas bei puiki atmosfera<\/h3>\n\n\n\n<p><\/p>\n\n\n\n<p class=\"has-secondary-color has-text-color has-link-color wp-elements-c3acfab671ecef1fc7828190480d9a42\" style=\"margin-top:0;margin-right:0;margin-bottom:0;margin-left:0\"><\/p>\n\n\n\n<div class=\"wp-block-buttons is-layout-flex wp-block-buttons-is-layout-flex\">\n<div class=\"wp-block-button\"><a class=\"wp-block-button__link wp-element-button\">PLA\u010cIAU<\/a><\/div>\n<\/div>\n<\/div><\/div>\n<\/div>\n\n\n\n<div class=\"wp-block-column is-layout-flow wp-block-column-is-layout-flow\" style=\"padding-top:0;padding-right:0;padding-bottom:0;padding-left:0\">\n<div class=\"wp-block-cover has-custom-content-position is-position-bottom-left\" style=\"padding-top:var(--wp--preset--spacing--small);padding-right:var(--wp--preset--spacing--x-small);padding-bottom:var(--wp--preset--spacing--small);padding-left:var(--wp--preset--spacing--x-small);min-height:896px;aspect-ratio:unset;\"><span aria-hidden=\"true\" class=\"wp-block-cover__background has-primary-background-color has-background-dim-40 has-background-dim\"><\/span><img loading=\"lazy\" decoding=\"async\" width=\"1440\" height=\"1800\" class=\"wp-block-cover__image-background wp-image-7026\" alt=\"\" src=\"https:\/\/luna.krd.lt\/wp-content\/uploads\/2024\/08\/448466703_17892735507020124_4177735913371713156_n.jpg\" style=\"object-position:0% 74%\" data-object-fit=\"cover\" data-object-position=\"0% 74%\" srcset=\"https:\/\/luna.krd.lt\/wp-content\/uploads\/2024\/08\/448466703_17892735507020124_4177735913371713156_n.jpg 1440w, https:\/\/luna.krd.lt\/wp-content\/uploads\/2024\/08\/448466703_17892735507020124_4177735913371713156_n-240x300.jpg 240w, https:\/\/luna.krd.lt\/wp-content\/uploads\/2024\/08\/448466703_17892735507020124_4177735913371713156_n-819x1024.jpg 819w\" sizes=\"auto, (max-width: 1440px) 100vw, 1440px\" \/><div class=\"wp-block-cover__inner-container is-layout-flow wp-block-cover-is-layout-flow\">\n<h3 class=\"wp-block-heading has-white-color has-text-color has-medium-font-size\" style=\"margin-top:0;margin-right:0;margin-bottom:0;margin-left:0\">Restoranas | Platus gurmani\u0161ki patiekalai bei g\u0117rimai<\/h3>\n\n\n\n<p><\/p>\n\n\n\n<p class=\"has-secondary-color has-text-color has-link-color wp-elements-c3acfab671ecef1fc7828190480d9a42\" style=\"margin-top:0;margin-right:0;margin-bottom:0;margin-left:0\"><\/p>\n\n\n\n<div class=\"wp-block-buttons is-layout-flex wp-block-buttons-is-layout-flex\">\n<div class=\"wp-block-button\"><a class=\"wp-block-button__link wp-element-button\">PLA\u010cIAU<\/a><\/div>\n<\/div>\n<\/div><\/div>\n<\/div>\n\n\n\n<div class=\"wp-block-column is-layout-flow wp-block-column-is-layout-flow\" style=\"padding-top:0;padding-right:0;padding-bottom:0;padding-left:0\">\n<div class=\"wp-block-cover has-custom-content-position is-position-bottom-left\" style=\"padding-top:var(--wp--preset--spacing--small);padding-right:var(--wp--preset--spacing--x-small);padding-bottom:var(--wp--preset--spacing--small);padding-left:var(--wp--preset--spacing--x-small);min-height:896px;aspect-ratio:unset;\"><span aria-hidden=\"true\" class=\"wp-block-cover__background has-primary-background-color has-background-dim-60 has-background-dim\"><\/span><img loading=\"lazy\" decoding=\"async\" width=\"2048\" height=\"1366\" class=\"wp-block-cover__image-background wp-image-7025\" alt=\"\" src=\"https:\/\/luna.krd.lt\/wp-content\/uploads\/2024\/08\/362242000_161250940306862_7618965829029986492_n.jpg\" style=\"object-position:6% 57%\" data-object-fit=\"cover\" data-object-position=\"6% 57%\" srcset=\"https:\/\/luna.krd.lt\/wp-content\/uploads\/2024\/08\/362242000_161250940306862_7618965829029986492_n.jpg 2048w, https:\/\/luna.krd.lt\/wp-content\/uploads\/2024\/08\/362242000_161250940306862_7618965829029986492_n-300x200.jpg 300w, https:\/\/luna.krd.lt\/wp-content\/uploads\/2024\/08\/362242000_161250940306862_7618965829029986492_n-1024x683.jpg 1024w, https:\/\/luna.krd.lt\/wp-content\/uploads\/2024\/08\/362242000_161250940306862_7618965829029986492_n-2000x1334.jpg 2000w, https:\/\/luna.krd.lt\/wp-content\/uploads\/2024\/08\/362242000_161250940306862_7618965829029986492_n-600x400.jpg 600w, https:\/\/luna.krd.lt\/wp-content\/uploads\/2024\/08\/362242000_161250940306862_7618965829029986492_n-1200x800.jpg 1200w\" sizes=\"auto, (max-width: 2048px) 100vw, 2048px\" \/><div class=\"wp-block-cover__inner-container is-layout-flow wp-block-cover-is-layout-flow\">\n<h3 class=\"wp-block-heading has-white-color has-text-color has-medium-font-size\" style=\"margin-top:0;margin-right:0;margin-bottom:0;margin-left:0\">Pramogos | Boulingas, biliardas, stalo futbolas ir gera nuotaika<\/h3>\n\n\n\n<p><\/p>\n\n\n\n<p class=\"has-secondary-color has-text-color has-link-color wp-elements-c3acfab671ecef1fc7828190480d9a42\" style=\"margin-top:0;margin-right:0;margin-bottom:0;margin-left:0\"><\/p>\n\n\n\n<div class=\"wp-block-buttons is-layout-flex wp-block-buttons-is-layout-flex\">\n<div class=\"wp-block-button\"><a class=\"wp-block-button__link wp-element-button\">PLA\u010cIAU<\/a><\/div>\n<\/div>\n<\/div><\/div>\n<\/div>\n<\/div>\n\n\n\n<div style=\"height:103px\" aria-hidden=\"true\" class=\"wp-block-spacer\"><\/div>\n<\/div>\n\n\n\n<div class=\"wp-block-cover alignfull is-position-center-center\" style=\"border-style:none;border-width:0px;border-radius:0px;margin-top:0;margin-bottom:0;padding-right:0;padding-bottom:0;padding-left:0;min-height:100vh;aspect-ratio:unset;\"><span aria-hidden=\"true\" class=\"wp-block-cover__background has-primary-background-color has-background-dim-60 has-background-dim\"><\/span><img loading=\"lazy\" decoding=\"async\" width=\"2560\" height=\"1707\" class=\"wp-block-cover__image-background wp-image-7343\" alt=\"\" src=\"https:\/\/luna.krd.lt\/wp-content\/uploads\/2024\/09\/IMG_3242-scaled.jpg\" data-object-fit=\"cover\" srcset=\"https:\/\/luna.krd.lt\/wp-content\/uploads\/2024\/09\/IMG_3242-scaled.jpg 2560w, https:\/\/luna.krd.lt\/wp-content\/uploads\/2024\/09\/IMG_3242-300x200.jpg 300w, https:\/\/luna.krd.lt\/wp-content\/uploads\/2024\/09\/IMG_3242-1024x683.jpg 1024w, https:\/\/luna.krd.lt\/wp-content\/uploads\/2024\/09\/IMG_3242-2000x1334.jpg 2000w, https:\/\/luna.krd.lt\/wp-content\/uploads\/2024\/09\/IMG_3242-600x400.jpg 600w, https:\/\/luna.krd.lt\/wp-content\/uploads\/2024\/09\/IMG_3242-1200x800.jpg 1200w\" sizes=\"auto, (max-width: 2560px) 100vw, 2560px\" \/><div class=\"wp-block-cover__inner-container is-layout-flow wp-container-core-cover-is-layout-084746a6 wp-block-cover-is-layout-flow\">\n<div class=\"wp-block-group has-global-padding is-layout-constrained wp-block-group-is-layout-constrained\">\n<div style=\"height:32px\" aria-hidden=\"true\" class=\"wp-block-spacer\"><\/div>\n\n\n\n<p class=\"has-text-align-center has-white-color has-text-color has-x-large-font-size\"><strong>M\u016bs\u0173 adresas<\/strong><\/p>\n\n\n\n<p class=\"has-text-align-center has-medium-font-size\">Mokyklos g. 1, Mokolai, 68460 Marijampol\u0117s sav. Lietuva.<\/p>\n\n\n\n<p class=\"has-text-align-center has-medium-font-size\">Telefonas: (0-620) 46999<\/p>\n\n\n\n<div style=\"height:31px\" aria-hidden=\"true\" class=\"wp-block-spacer\"><\/div>\n\n\n\n<div class=\"wp-block-buttons is-horizontal is-content-justification-center is-layout-flex wp-container-core-buttons-is-layout-03627597 wp-block-buttons-is-layout-flex\">\n<div class=\"wp-block-button\"><a class=\"wp-block-button__link wp-element-button\">GAUTI NUORODAS<\/a><\/div>\n<\/div>\n<\/div>\n<\/div><\/div>\n","protected":false},"excerpt":{"rendered":"<p>Apie kompleks\u0105 Tai vieta, kurioje galite atitr\u016bkti nuo kasdienini\u0173 r\u016bpes\u010di\u0173 pasim\u0117gauti gurmani\u0161kais profesionali\u0173 vir\u0117j\u0173 pagamintais patiekalais, apsistoti sve\u010di\u0173 namuose ar tiesiog pa\u017eaisti bouling\u0105, biliard\u0105 ar stalo futbol\u0105.<\/p>\n","protected":false},"author":1,"featured_media":0,"parent":0,"menu_order":0,"comment_status":"closed","ping_status":"closed","template":"page-templates\/homepage-no-hero.php","meta":{"footnotes":""},"class_list":["post-6922","page","type-page","status-publish","hentry"],"featured_media_urls":[],"_links":{"self":[{"href":"https:\/\/luna.krd.lt\/index.php\/wp-json\/wp\/v2\/pages\/6922","targetHints":{"allow":["GET"]}}],"collection":[{"href":"https:\/\/luna.krd.lt\/index.php\/wp-json\/wp\/v2\/pages"}],"about":[{"href":"https:\/\/luna.krd.lt\/index.php\/wp-json\/wp\/v2\/types\/page"}],"author":[{"embeddable":true,"href":"https:\/\/luna.krd.lt\/index.php\/wp-json\/wp\/v2\/users\/1"}],"replies":[{"embeddable":true,"href":"https:\/\/luna.krd.lt\/index.php\/wp-json\/wp\/v2\/comments?post=6922"}],"version-history":[{"count":44,"href":"https:\/\/luna.krd.lt\/index.php\/wp-json\/wp\/v2\/pages\/6922\/revisions"}],"predecessor-version":[{"id":7345,"href":"https:\/\/luna.krd.lt\/index.php\/wp-json\/wp\/v2\/pages\/6922\/revisions\/7345"}],"wp:attachment":[{"href":"https:\/\/luna.krd.lt\/index.php\/wp-json\/wp\/v2\/media?parent=6922"}],"curies":[{"name":"wp","href":"https:\/\/api.w.org\/{rel}","templated":true}]}}