{"id":7122,"date":"2024-08-21T22:21:31","date_gmt":"2024-08-21T22:21:31","guid":{"rendered":"https:\/\/luna.krd.lt\/?page_id=7122"},"modified":"2024-09-11T00:12:22","modified_gmt":"2024-09-11T00:12:22","slug":"homepage-2","status":"publish","type":"page","link":"https:\/\/luna.krd.lt\/index.php\/homepage-2\/","title":{"rendered":""},"content":{"rendered":"\n<header class=\"wp-block-cover alignfull\" style=\"border-style:none;border-width:0px;border-radius:0px;margin-top:0;margin-bottom:0;padding-top:0;padding-right:0;padding-bottom:0;padding-left:0;min-height:100vh;aspect-ratio:unset;\"><span aria-hidden=\"true\" class=\"wp-block-cover__background has-primary-background-color has-background-dim-40 has-background-dim\"><\/span><img loading=\"lazy\" decoding=\"async\" width=\"2560\" height=\"1707\" class=\"wp-block-cover__image-background wp-image-7241\" alt=\"\" src=\"https:\/\/luna.krd.lt\/wp-content\/uploads\/2024\/09\/IMG_2270-scaled.jpg\" data-object-fit=\"cover\" srcset=\"https:\/\/luna.krd.lt\/wp-content\/uploads\/2024\/09\/IMG_2270-scaled.jpg 2560w, https:\/\/luna.krd.lt\/wp-content\/uploads\/2024\/09\/IMG_2270-300x200.jpg 300w, https:\/\/luna.krd.lt\/wp-content\/uploads\/2024\/09\/IMG_2270-1024x683.jpg 1024w, https:\/\/luna.krd.lt\/wp-content\/uploads\/2024\/09\/IMG_2270-2000x1333.jpg 2000w, https:\/\/luna.krd.lt\/wp-content\/uploads\/2024\/09\/IMG_2270-600x400.jpg 600w, https:\/\/luna.krd.lt\/wp-content\/uploads\/2024\/09\/IMG_2270-1200x800.jpg 1200w\" sizes=\"auto, (max-width: 2560px) 100vw, 2560px\" \/><div class=\"wp-block-cover__inner-container has-global-padding is-layout-constrained wp-container-core-cover-is-layout-72d38984 wp-block-cover-is-layout-constrained\">\n<h1 class=\"wp-block-heading has-text-align-center has-white-color has-text-color has-max-72-font-size\">Sve\u010di\u0173 namai<\/h1>\n\n\n\n<hr class=\"wp-block-separator has-text-color has-alpha-channel-opacity has-background is-style-default\" style=\"margin-top:var(--wp--preset--spacing--x-small);margin-bottom:var(--wp--preset--spacing--x-small);background-color:#ffffff47;color:#ffffff47\"\/>\n\n\n\n<p class=\"has-text-align-center has-white-color has-text-color has-medium-font-size\">Ttai vieta, kur komfortas ir stilius susitinka su i\u0161skirtiniu svetingumu!<\/p>\n\n\n\n<p><\/p>\n\n\n\n<div class=\"wp-block-buttons is-content-justification-center is-layout-flex wp-container-core-buttons-is-layout-a89b3969 wp-block-buttons-is-layout-flex\">\n<div class=\"wp-block-button\"><a class=\"wp-block-button__link wp-element-button\">REZERVUOTI<\/a><\/div>\n<\/div>\n<\/div><\/header>\n\n\n\n<header class=\"wp-block-group alignfull pattern_multiple_covers has-white-background-color has-background has-global-padding is-layout-constrained wp-block-group-is-layout-constrained\" id=\"services\">\n<div style=\"height:0px\" aria-hidden=\"true\" class=\"wp-block-spacer\"><\/div>\n<\/header>\n\n\n\n<div class=\"wp-block-group alignfull has-black-background-color has-background has-global-padding is-layout-constrained wp-container-core-group-is-layout-4383d167 wp-block-group-is-layout-constrained\">\n<div style=\"height:79px\" aria-hidden=\"true\" class=\"wp-block-spacer\"><\/div>\n\n\n\n<div class=\"wp-block-columns are-vertically-aligned-center is-layout-flex wp-container-core-columns-is-layout-28f84493 wp-block-columns-is-layout-flex\">\n<div class=\"wp-block-column is-vertically-aligned-center is-layout-flow wp-block-column-is-layout-flow\" style=\"flex-basis:70%\">\n<h2 class=\"wp-block-heading has-text-align-left has-white-color has-text-color has-large-font-size\" style=\"font-style:normal;font-weight:500\">Apie sve\u010di\u0173 namus<\/h2>\n\n\n\n<p class=\"has-white-color has-text-color has-link-color wp-elements-2eaeeb0eae987ef30dc9b6475c9dc088\">LUNA sve\u010di\u0173 namai \u2013 tai vieta, kur prabangus poilsis ir nepriekai\u0161tingas komfortas susijungia su rafinuotu dizainu ir \u0161iltais svetingumo akcentais. \u012esik\u016br\u0119 miesto \u0161irdyje, m\u016bs\u0173 sve\u010di\u0173 namai yra puiki vieta, kur galite pab\u0117gti nuo kasdienyb\u0117s ir pasim\u0117gauti ramybe, nepriklausomai nuo j\u016bs\u0173 kelion\u0117s tikslo.<\/p>\n\n\n\n<p class=\"has-white-color has-text-color has-link-color wp-elements-51fe44b09429fbdaabcbc8de7594235e\">M\u016bs\u0173 kambariai yra \u012frengti su did\u017eiausiu d\u0117mesiu detal\u0117ms, kad u\u017etikrint\u0173 j\u016bs\u0173 visi\u0161k\u0105 komfort\u0105 ir poils\u012f. Kiekvienas kambarys pasi\u017eymi eleganti\u0161ku dizainu ir \u0161iuolaiki\u0161ku apstatymu, kuris sukuria jauki\u0105 ir harmonij\u0105 skleid\u017eian\u010di\u0105 aplink\u0105. Modernios patogumo funkcijos, tokios kaip erdv\u016bs lovos, kokybi\u0161ki patalyn\u0117s audiniai ir \u0161iuolaikin\u0117 \u012franga, padeda u\u017etikrinti, kad kiekviena naktis b\u016bt\u0173 rami ir gaivinanti.<\/p>\n<\/div>\n\n\n\n<div class=\"wp-block-column is-vertically-aligned-center is-layout-flow wp-block-column-is-layout-flow\">\n<div class=\"wp-block-buttons has-custom-font-size wpz-alt-button has-medium-font-size is-content-justification-center is-layout-flex wp-container-core-buttons-is-layout-62ac122f wp-block-buttons-is-layout-flex\" style=\"margin-top:0;margin-bottom:0\">\n<div class=\"wp-block-button has-custom-width wp-block-button__width-100 has-custom-font-size alignright is-style-fill has-small-font-size\"><a class=\"wp-block-button__link has-black-color has-white-background-color has-text-color has-background wp-element-button\">Rezervuoti viet\u0105<\/a><\/div>\n<\/div>\n<\/div>\n<\/div>\n\n\n\n<p><\/p>\n\n\n\n<div style=\"height:54px\" aria-hidden=\"true\" class=\"wp-block-spacer\"><\/div>\n<\/div>\n\n\n\n<div style=\"height:34px\" aria-hidden=\"true\" class=\"wp-block-spacer\"><\/div>\n\n\n\n<div class=\"wp-block-media-text is-stacked-on-mobile\" style=\"padding-right:var(--wp--preset--spacing--x-large);padding-left:var(--wp--preset--spacing--x-large)\"><figure class=\"wp-block-media-text__media\"><img loading=\"lazy\" decoding=\"async\" width=\"1024\" height=\"683\" src=\"https:\/\/luna.krd.lt\/wp-content\/uploads\/2024\/09\/IMG_2754-1-1024x683.jpg\" alt=\"\" class=\"wp-image-7300 size-full\" srcset=\"https:\/\/luna.krd.lt\/wp-content\/uploads\/2024\/09\/IMG_2754-1-1024x683.jpg 1024w, https:\/\/luna.krd.lt\/wp-content\/uploads\/2024\/09\/IMG_2754-1-300x200.jpg 300w, https:\/\/luna.krd.lt\/wp-content\/uploads\/2024\/09\/IMG_2754-1-2000x1333.jpg 2000w, https:\/\/luna.krd.lt\/wp-content\/uploads\/2024\/09\/IMG_2754-1-600x400.jpg 600w, https:\/\/luna.krd.lt\/wp-content\/uploads\/2024\/09\/IMG_2754-1-1200x800.jpg 1200w\" sizes=\"auto, (max-width: 1024px) 100vw, 1024px\" \/><\/figure><div class=\"wp-block-media-text__content\">\n<p><strong>LUNA sve\u010di\u0173 namai si\u016blo plat\u0173 paslaug\u0173 spektr\u0105, kad j\u016bs\u0173 vie\u0161nag\u0117 b\u016bt\u0173 dar malonesn\u0117. <\/strong><\/p>\n\n\n\n<p>M\u016bs\u0173 profesionalus ir draugi\u0161kas personalas visada pasiruo\u0161\u0119s suteikti jums reikaling\u0105 pagalb\u0105 ir patarimus, kad j\u016bs\u0173 buvimas b\u016bt\u0173 kaip \u012fmanoma patogesnis. Mes r\u016bpinam\u0117s kiekvienu sve\u010diu ir siekiame, kad kiekviena akimirka m\u016bs\u0173 sve\u010di\u0173 namuose b\u016bt\u0173 ypatinga.<\/p>\n\n\n\n<p>Atsipalaiduokite m\u016bs\u0173 eleganti\u0161kose bendrose erdv\u0117se, kuriose galite m\u0117gautis \u0161ilta atmosfera ir ramiu poilsiu. M\u016bs\u0173 sve\u010di\u0173 namai taip pat si\u016blo \u012fvairias papildomas paslaugas, tokias kaip pusry\u010diai, patogus transporto paslaug\u0173 u\u017esakymas ir asmenin\u0117s prie\u017ei\u016bros galimyb\u0117s, kad kiekviena j\u016bs\u0173 vie\u0161nag\u0117 b\u016bt\u0173 pritaikyta pagal j\u016bs\u0173 poreikius.<\/p>\n<\/div><\/div>\n\n\n\n<div style=\"height:59px\" aria-hidden=\"true\" class=\"wp-block-spacer\"><\/div>\n\n\n\n<figure class=\"wp-block-gallery has-nested-images columns-default is-cropped wp-block-gallery-1 is-layout-flex wp-block-gallery-is-layout-flex\">\n<figure class=\"wp-block-image size-full\"><img loading=\"lazy\" decoding=\"async\" width=\"2560\" height=\"1707\" data-id=\"7264\" src=\"https:\/\/luna.krd.lt\/wp-content\/uploads\/2024\/09\/IMG_2599-scaled.jpg\" alt=\"\" class=\"wp-image-7264\" srcset=\"https:\/\/luna.krd.lt\/wp-content\/uploads\/2024\/09\/IMG_2599-scaled.jpg 2560w, https:\/\/luna.krd.lt\/wp-content\/uploads\/2024\/09\/IMG_2599-300x200.jpg 300w, https:\/\/luna.krd.lt\/wp-content\/uploads\/2024\/09\/IMG_2599-1024x683.jpg 1024w, https:\/\/luna.krd.lt\/wp-content\/uploads\/2024\/09\/IMG_2599-2000x1333.jpg 2000w\" sizes=\"auto, (max-width: 2560px) 100vw, 2560px\" \/><\/figure>\n\n\n\n<figure class=\"wp-block-image size-full\"><img loading=\"lazy\" decoding=\"async\" width=\"2560\" height=\"1707\" data-id=\"7263\" src=\"https:\/\/luna.krd.lt\/wp-content\/uploads\/2024\/09\/IMG_2593-scaled.jpg\" alt=\"\" class=\"wp-image-7263\" srcset=\"https:\/\/luna.krd.lt\/wp-content\/uploads\/2024\/09\/IMG_2593-scaled.jpg 2560w, https:\/\/luna.krd.lt\/wp-content\/uploads\/2024\/09\/IMG_2593-300x200.jpg 300w, https:\/\/luna.krd.lt\/wp-content\/uploads\/2024\/09\/IMG_2593-1024x683.jpg 1024w, https:\/\/luna.krd.lt\/wp-content\/uploads\/2024\/09\/IMG_2593-2000x1333.jpg 2000w\" sizes=\"auto, (max-width: 2560px) 100vw, 2560px\" \/><\/figure>\n\n\n\n<figure class=\"wp-block-image size-full\"><img loading=\"lazy\" decoding=\"async\" width=\"2560\" height=\"1707\" data-id=\"7270\" src=\"https:\/\/luna.krd.lt\/wp-content\/uploads\/2024\/09\/IMG_2709-scaled.jpg\" alt=\"\" class=\"wp-image-7270\" srcset=\"https:\/\/luna.krd.lt\/wp-content\/uploads\/2024\/09\/IMG_2709-scaled.jpg 2560w, https:\/\/luna.krd.lt\/wp-content\/uploads\/2024\/09\/IMG_2709-300x200.jpg 300w, https:\/\/luna.krd.lt\/wp-content\/uploads\/2024\/09\/IMG_2709-1024x683.jpg 1024w, https:\/\/luna.krd.lt\/wp-content\/uploads\/2024\/09\/IMG_2709-2000x1333.jpg 2000w\" sizes=\"auto, (max-width: 2560px) 100vw, 2560px\" \/><\/figure>\n\n\n\n<figure class=\"wp-block-image size-full\"><img loading=\"lazy\" decoding=\"async\" width=\"2560\" height=\"1706\" data-id=\"7258\" src=\"https:\/\/luna.krd.lt\/wp-content\/uploads\/2024\/09\/IMG_2495-scaled.jpg\" alt=\"\" class=\"wp-image-7258\" srcset=\"https:\/\/luna.krd.lt\/wp-content\/uploads\/2024\/09\/IMG_2495-scaled.jpg 2560w, https:\/\/luna.krd.lt\/wp-content\/uploads\/2024\/09\/IMG_2495-300x200.jpg 300w, https:\/\/luna.krd.lt\/wp-content\/uploads\/2024\/09\/IMG_2495-1024x683.jpg 1024w, https:\/\/luna.krd.lt\/wp-content\/uploads\/2024\/09\/IMG_2495-2000x1333.jpg 2000w\" sizes=\"auto, (max-width: 2560px) 100vw, 2560px\" \/><\/figure>\n\n\n\n<figure class=\"wp-block-image size-full\"><img loading=\"lazy\" decoding=\"async\" width=\"2560\" height=\"1707\" data-id=\"7249\" src=\"https:\/\/luna.krd.lt\/wp-content\/uploads\/2024\/09\/IMG_2321-scaled.jpg\" alt=\"\" class=\"wp-image-7249\" srcset=\"https:\/\/luna.krd.lt\/wp-content\/uploads\/2024\/09\/IMG_2321-scaled.jpg 2560w, https:\/\/luna.krd.lt\/wp-content\/uploads\/2024\/09\/IMG_2321-300x200.jpg 300w, https:\/\/luna.krd.lt\/wp-content\/uploads\/2024\/09\/IMG_2321-1024x683.jpg 1024w, https:\/\/luna.krd.lt\/wp-content\/uploads\/2024\/09\/IMG_2321-2000x1333.jpg 2000w\" sizes=\"auto, (max-width: 2560px) 100vw, 2560px\" \/><\/figure>\n\n\n\n<figure class=\"wp-block-image size-full\"><img loading=\"lazy\" decoding=\"async\" width=\"2560\" height=\"1707\" data-id=\"7260\" src=\"https:\/\/luna.krd.lt\/wp-content\/uploads\/2024\/09\/IMG_2547-scaled.jpg\" alt=\"\" class=\"wp-image-7260\" srcset=\"https:\/\/luna.krd.lt\/wp-content\/uploads\/2024\/09\/IMG_2547-scaled.jpg 2560w, https:\/\/luna.krd.lt\/wp-content\/uploads\/2024\/09\/IMG_2547-300x200.jpg 300w, https:\/\/luna.krd.lt\/wp-content\/uploads\/2024\/09\/IMG_2547-1024x683.jpg 1024w, https:\/\/luna.krd.lt\/wp-content\/uploads\/2024\/09\/IMG_2547-2000x1334.jpg 2000w\" sizes=\"auto, (max-width: 2560px) 100vw, 2560px\" \/><\/figure>\n\n\n\n<figure class=\"wp-block-image size-full\"><img loading=\"lazy\" decoding=\"async\" width=\"2560\" height=\"1707\" data-id=\"7255\" src=\"https:\/\/luna.krd.lt\/wp-content\/uploads\/2024\/09\/IMG_2428-scaled.jpg\" alt=\"\" class=\"wp-image-7255\" srcset=\"https:\/\/luna.krd.lt\/wp-content\/uploads\/2024\/09\/IMG_2428-scaled.jpg 2560w, https:\/\/luna.krd.lt\/wp-content\/uploads\/2024\/09\/IMG_2428-300x200.jpg 300w, https:\/\/luna.krd.lt\/wp-content\/uploads\/2024\/09\/IMG_2428-1024x683.jpg 1024w, https:\/\/luna.krd.lt\/wp-content\/uploads\/2024\/09\/IMG_2428-2000x1333.jpg 2000w\" sizes=\"auto, (max-width: 2560px) 100vw, 2560px\" \/><\/figure>\n\n\n\n<figure class=\"wp-block-image size-full\"><img loading=\"lazy\" decoding=\"async\" width=\"2560\" height=\"1707\" data-id=\"7250\" src=\"https:\/\/luna.krd.lt\/wp-content\/uploads\/2024\/09\/IMG_2324-scaled.jpg\" alt=\"\" class=\"wp-image-7250\" srcset=\"https:\/\/luna.krd.lt\/wp-content\/uploads\/2024\/09\/IMG_2324-scaled.jpg 2560w, https:\/\/luna.krd.lt\/wp-content\/uploads\/2024\/09\/IMG_2324-300x200.jpg 300w, https:\/\/luna.krd.lt\/wp-content\/uploads\/2024\/09\/IMG_2324-1024x683.jpg 1024w, https:\/\/luna.krd.lt\/wp-content\/uploads\/2024\/09\/IMG_2324-2000x1333.jpg 2000w\" sizes=\"auto, (max-width: 2560px) 100vw, 2560px\" \/><\/figure>\n\n\n\n<figure class=\"wp-block-image size-full\"><img loading=\"lazy\" decoding=\"async\" width=\"2560\" height=\"1707\" data-id=\"7256\" src=\"https:\/\/luna.krd.lt\/wp-content\/uploads\/2024\/09\/IMG_2430-scaled.jpg\" alt=\"\" class=\"wp-image-7256\" srcset=\"https:\/\/luna.krd.lt\/wp-content\/uploads\/2024\/09\/IMG_2430-scaled.jpg 2560w, https:\/\/luna.krd.lt\/wp-content\/uploads\/2024\/09\/IMG_2430-300x200.jpg 300w, https:\/\/luna.krd.lt\/wp-content\/uploads\/2024\/09\/IMG_2430-1024x683.jpg 1024w, https:\/\/luna.krd.lt\/wp-content\/uploads\/2024\/09\/IMG_2430-2000x1334.jpg 2000w\" sizes=\"auto, (max-width: 2560px) 100vw, 2560px\" \/><\/figure>\n\n\n\n<figure class=\"wp-block-image size-full\"><img loading=\"lazy\" decoding=\"async\" width=\"2560\" height=\"1707\" data-id=\"7252\" src=\"https:\/\/luna.krd.lt\/wp-content\/uploads\/2024\/09\/IMG_2332-scaled.jpg\" alt=\"\" class=\"wp-image-7252\" srcset=\"https:\/\/luna.krd.lt\/wp-content\/uploads\/2024\/09\/IMG_2332-scaled.jpg 2560w, https:\/\/luna.krd.lt\/wp-content\/uploads\/2024\/09\/IMG_2332-300x200.jpg 300w, https:\/\/luna.krd.lt\/wp-content\/uploads\/2024\/09\/IMG_2332-1024x683.jpg 1024w, https:\/\/luna.krd.lt\/wp-content\/uploads\/2024\/09\/IMG_2332-2000x1334.jpg 2000w\" sizes=\"auto, (max-width: 2560px) 100vw, 2560px\" \/><\/figure>\n\n\n\n<figure class=\"wp-block-image size-full\"><img loading=\"lazy\" decoding=\"async\" width=\"1707\" height=\"2560\" data-id=\"7257\" src=\"https:\/\/luna.krd.lt\/wp-content\/uploads\/2024\/09\/IMG_2487-scaled.jpg\" alt=\"\" class=\"wp-image-7257\" srcset=\"https:\/\/luna.krd.lt\/wp-content\/uploads\/2024\/09\/IMG_2487-scaled.jpg 1707w, https:\/\/luna.krd.lt\/wp-content\/uploads\/2024\/09\/IMG_2487-200x300.jpg 200w, https:\/\/luna.krd.lt\/wp-content\/uploads\/2024\/09\/IMG_2487-683x1024.jpg 683w, https:\/\/luna.krd.lt\/wp-content\/uploads\/2024\/09\/IMG_2487-2000x3000.jpg 2000w\" sizes=\"auto, (max-width: 1707px) 100vw, 1707px\" \/><\/figure>\n\n\n\n<figure class=\"wp-block-image size-full\"><img loading=\"lazy\" decoding=\"async\" width=\"1707\" height=\"2560\" data-id=\"7268\" src=\"https:\/\/luna.krd.lt\/wp-content\/uploads\/2024\/09\/IMG_2704-scaled.jpg\" alt=\"\" class=\"wp-image-7268\" srcset=\"https:\/\/luna.krd.lt\/wp-content\/uploads\/2024\/09\/IMG_2704-scaled.jpg 1707w, https:\/\/luna.krd.lt\/wp-content\/uploads\/2024\/09\/IMG_2704-200x300.jpg 200w, https:\/\/luna.krd.lt\/wp-content\/uploads\/2024\/09\/IMG_2704-683x1024.jpg 683w, https:\/\/luna.krd.lt\/wp-content\/uploads\/2024\/09\/IMG_2704-2000x3000.jpg 2000w\" sizes=\"auto, (max-width: 1707px) 100vw, 1707px\" \/><\/figure>\n\n\n\n<figure class=\"wp-block-image size-full\"><img loading=\"lazy\" decoding=\"async\" width=\"2560\" height=\"1707\" data-id=\"7274\" src=\"https:\/\/luna.krd.lt\/wp-content\/uploads\/2024\/09\/IMG_2519-scaled.jpg\" alt=\"\" class=\"wp-image-7274\" srcset=\"https:\/\/luna.krd.lt\/wp-content\/uploads\/2024\/09\/IMG_2519-scaled.jpg 2560w, https:\/\/luna.krd.lt\/wp-content\/uploads\/2024\/09\/IMG_2519-300x200.jpg 300w, https:\/\/luna.krd.lt\/wp-content\/uploads\/2024\/09\/IMG_2519-1024x683.jpg 1024w, https:\/\/luna.krd.lt\/wp-content\/uploads\/2024\/09\/IMG_2519-2000x1333.jpg 2000w, https:\/\/luna.krd.lt\/wp-content\/uploads\/2024\/09\/IMG_2519-600x400.jpg 600w, https:\/\/luna.krd.lt\/wp-content\/uploads\/2024\/09\/IMG_2519-1200x800.jpg 1200w\" sizes=\"auto, (max-width: 2560px) 100vw, 2560px\" \/><\/figure>\n\n\n\n<figure class=\"wp-block-image size-full\"><img loading=\"lazy\" decoding=\"async\" width=\"2560\" height=\"1707\" data-id=\"7273\" src=\"https:\/\/luna.krd.lt\/wp-content\/uploads\/2024\/09\/IMG_2522-scaled.jpg\" alt=\"\" class=\"wp-image-7273\" srcset=\"https:\/\/luna.krd.lt\/wp-content\/uploads\/2024\/09\/IMG_2522-scaled.jpg 2560w, https:\/\/luna.krd.lt\/wp-content\/uploads\/2024\/09\/IMG_2522-300x200.jpg 300w, https:\/\/luna.krd.lt\/wp-content\/uploads\/2024\/09\/IMG_2522-1024x683.jpg 1024w, https:\/\/luna.krd.lt\/wp-content\/uploads\/2024\/09\/IMG_2522-2000x1333.jpg 2000w, https:\/\/luna.krd.lt\/wp-content\/uploads\/2024\/09\/IMG_2522-600x400.jpg 600w, https:\/\/luna.krd.lt\/wp-content\/uploads\/2024\/09\/IMG_2522-1200x800.jpg 1200w\" sizes=\"auto, (max-width: 2560px) 100vw, 2560px\" \/><\/figure>\n\n\n\n<figure class=\"wp-block-image size-full\"><img loading=\"lazy\" decoding=\"async\" width=\"2560\" height=\"1707\" data-id=\"7275\" src=\"https:\/\/luna.krd.lt\/wp-content\/uploads\/2024\/09\/IMG_2572-scaled.jpg\" alt=\"\" class=\"wp-image-7275\" srcset=\"https:\/\/luna.krd.lt\/wp-content\/uploads\/2024\/09\/IMG_2572-scaled.jpg 2560w, https:\/\/luna.krd.lt\/wp-content\/uploads\/2024\/09\/IMG_2572-300x200.jpg 300w, https:\/\/luna.krd.lt\/wp-content\/uploads\/2024\/09\/IMG_2572-1024x683.jpg 1024w, https:\/\/luna.krd.lt\/wp-content\/uploads\/2024\/09\/IMG_2572-2000x1333.jpg 2000w, https:\/\/luna.krd.lt\/wp-content\/uploads\/2024\/09\/IMG_2572-600x400.jpg 600w, https:\/\/luna.krd.lt\/wp-content\/uploads\/2024\/09\/IMG_2572-1200x800.jpg 1200w\" sizes=\"auto, (max-width: 2560px) 100vw, 2560px\" \/><\/figure>\n\n\n\n<figure class=\"wp-block-image size-full\"><img loading=\"lazy\" decoding=\"async\" width=\"2560\" height=\"1707\" data-id=\"7272\" src=\"https:\/\/luna.krd.lt\/wp-content\/uploads\/2024\/09\/IMG_2602-scaled.jpg\" alt=\"\" class=\"wp-image-7272\" srcset=\"https:\/\/luna.krd.lt\/wp-content\/uploads\/2024\/09\/IMG_2602-scaled.jpg 2560w, https:\/\/luna.krd.lt\/wp-content\/uploads\/2024\/09\/IMG_2602-300x200.jpg 300w, https:\/\/luna.krd.lt\/wp-content\/uploads\/2024\/09\/IMG_2602-1024x683.jpg 1024w, https:\/\/luna.krd.lt\/wp-content\/uploads\/2024\/09\/IMG_2602-2000x1333.jpg 2000w, https:\/\/luna.krd.lt\/wp-content\/uploads\/2024\/09\/IMG_2602-600x400.jpg 600w, https:\/\/luna.krd.lt\/wp-content\/uploads\/2024\/09\/IMG_2602-1200x800.jpg 1200w\" sizes=\"auto, (max-width: 2560px) 100vw, 2560px\" \/><\/figure>\n\n\n\n<figure class=\"wp-block-image size-full\"><img loading=\"lazy\" decoding=\"async\" width=\"2560\" height=\"1707\" data-id=\"7276\" src=\"https:\/\/luna.krd.lt\/wp-content\/uploads\/2024\/09\/IMG_3732-scaled.jpg\" alt=\"\" class=\"wp-image-7276\" srcset=\"https:\/\/luna.krd.lt\/wp-content\/uploads\/2024\/09\/IMG_3732-scaled.jpg 2560w, https:\/\/luna.krd.lt\/wp-content\/uploads\/2024\/09\/IMG_3732-300x200.jpg 300w, https:\/\/luna.krd.lt\/wp-content\/uploads\/2024\/09\/IMG_3732-1024x683.jpg 1024w, https:\/\/luna.krd.lt\/wp-content\/uploads\/2024\/09\/IMG_3732-2000x1333.jpg 2000w, https:\/\/luna.krd.lt\/wp-content\/uploads\/2024\/09\/IMG_3732-600x400.jpg 600w, https:\/\/luna.krd.lt\/wp-content\/uploads\/2024\/09\/IMG_3732-1200x800.jpg 1200w\" sizes=\"auto, (max-width: 2560px) 100vw, 2560px\" \/><\/figure>\n<\/figure>\n\n\n\n<div style=\"height:68px\" aria-hidden=\"true\" class=\"wp-block-spacer\"><\/div>\n\n\n\n<div class=\"wp-block-media-text is-stacked-on-mobile\" style=\"padding-right:0;padding-left:0\"><figure class=\"wp-block-media-text__media\"><img loading=\"lazy\" decoding=\"async\" width=\"1024\" height=\"683\" src=\"https:\/\/luna.krd.lt\/wp-content\/uploads\/2024\/09\/IMG_2600-1024x683.jpg\" alt=\"\" class=\"wp-image-7301 size-full\" srcset=\"https:\/\/luna.krd.lt\/wp-content\/uploads\/2024\/09\/IMG_2600-1024x683.jpg 1024w, https:\/\/luna.krd.lt\/wp-content\/uploads\/2024\/09\/IMG_2600-300x200.jpg 300w, https:\/\/luna.krd.lt\/wp-content\/uploads\/2024\/09\/IMG_2600-2000x1333.jpg 2000w, https:\/\/luna.krd.lt\/wp-content\/uploads\/2024\/09\/IMG_2600-600x400.jpg 600w, https:\/\/luna.krd.lt\/wp-content\/uploads\/2024\/09\/IMG_2600-1200x800.jpg 1200w\" sizes=\"auto, (max-width: 1024px) 100vw, 1024px\" \/><\/figure><div class=\"wp-block-media-text__content\">\n<p>LUNA sve\u010di\u0173 namai yra ne tik vieta nakvynei, bet ir kur kas daugiau \u2013 tai j\u016bs\u0173 poilsio ir atgaivos prieglobstis, kuriame kiekviena diena prasideda ir baigiasi su jausmu, kad esate priimti kaip \u0161eimos nariai. <\/p>\n\n\n\n<p>Leiskite sau pasinerti \u012f nepriekai\u0161ting\u0105 komfort\u0105 ir malon\u0173 poils\u012f m\u016bs\u0173 \u0161iuolaiki\u0161kuose ir eleganti\u0161kuose sve\u010di\u0173 namuose, kur kiekviena detal\u0117 prisideda prie j\u016bs\u0173 puikios vie\u0161nag\u0117s.<\/p>\n<\/div><\/div>\n\n\n\n<div style=\"height:100px\" aria-hidden=\"true\" class=\"wp-block-spacer\"><\/div>\n\n\n\n<div class=\"wp-block-cover alignfull is-position-center-center\" style=\"border-style:none;border-width:0px;border-radius:0px;margin-top:0;margin-bottom:0;padding-right:0;padding-bottom:0;padding-left:0;min-height:100vh;aspect-ratio:unset;\"><span aria-hidden=\"true\" class=\"wp-block-cover__background has-primary-background-color has-background-dim-60 has-background-dim\"><\/span><img loading=\"lazy\" decoding=\"async\" width=\"2560\" height=\"1707\" class=\"wp-block-cover__image-background wp-image-7241\" alt=\"\" src=\"https:\/\/luna.krd.lt\/wp-content\/uploads\/2024\/09\/IMG_2270-scaled.jpg\" data-object-fit=\"cover\" srcset=\"https:\/\/luna.krd.lt\/wp-content\/uploads\/2024\/09\/IMG_2270-scaled.jpg 2560w, https:\/\/luna.krd.lt\/wp-content\/uploads\/2024\/09\/IMG_2270-300x200.jpg 300w, https:\/\/luna.krd.lt\/wp-content\/uploads\/2024\/09\/IMG_2270-1024x683.jpg 1024w, https:\/\/luna.krd.lt\/wp-content\/uploads\/2024\/09\/IMG_2270-2000x1333.jpg 2000w, https:\/\/luna.krd.lt\/wp-content\/uploads\/2024\/09\/IMG_2270-600x400.jpg 600w, https:\/\/luna.krd.lt\/wp-content\/uploads\/2024\/09\/IMG_2270-1200x800.jpg 1200w\" sizes=\"auto, (max-width: 2560px) 100vw, 2560px\" \/><div class=\"wp-block-cover__inner-container is-layout-flow wp-container-core-cover-is-layout-084746a6 wp-block-cover-is-layout-flow\">\n<div class=\"wp-block-group has-global-padding is-layout-constrained wp-block-group-is-layout-constrained\">\n<div style=\"height:32px\" aria-hidden=\"true\" class=\"wp-block-spacer\"><\/div>\n\n\n\n<p class=\"has-text-align-center has-white-color has-text-color has-x-large-font-size\"><strong>M\u016bs\u0173 adresas<\/strong><\/p>\n\n\n\n<p class=\"has-text-align-center has-medium-font-size\">Mokyklos g. 1, Mokolai, 68460 Marijampol\u0117s sav. Lietuva.<\/p>\n\n\n\n<p class=\"has-text-align-center has-medium-font-size\">Telefonas: (0-620) 46999<\/p>\n\n\n\n<div style=\"height:31px\" aria-hidden=\"true\" class=\"wp-block-spacer\"><\/div>\n\n\n\n<div class=\"wp-block-buttons is-horizontal is-content-justification-center is-layout-flex wp-container-core-buttons-is-layout-03627597 wp-block-buttons-is-layout-flex\">\n<div class=\"wp-block-button\"><a class=\"wp-block-button__link wp-element-button\">GAUTI NUORODAS<\/a><\/div>\n<\/div>\n<\/div>\n<\/div><\/div>\n","protected":false},"excerpt":{"rendered":"<p>Apie sve\u010di\u0173 namus LUNA sve\u010di\u0173 namai \u2013 tai vieta, kur prabangus poilsis ir nepriekai\u0161tingas komfortas susijungia su rafinuotu dizainu ir \u0161iltais svetingumo akcentais. \u012esik\u016br\u0119 miesto \u0161irdyje, m\u016bs\u0173 sve\u010di\u0173 namai yra puiki vieta, kur galite pab\u0117gti nuo kasdienyb\u0117s ir pasim\u0117gauti ramybe, nepriklausomai nuo j\u016bs\u0173 kelion\u0117s tikslo. M\u016bs\u0173 kambariai yra \u012frengti su did\u017eiausiu d\u0117mesiu detal\u0117ms, kad u\u017etikrint\u0173 &hellip; <\/p>\n<p class=\"link-more\"><a href=\"https:\/\/luna.krd.lt\/index.php\/homepage-2\/\" class=\"more-link\">Read more<span class=\"screen-reader-text\"> &#8220;&#8221;<\/span><\/a><\/p>\n","protected":false},"author":1,"featured_media":0,"parent":0,"menu_order":0,"comment_status":"closed","ping_status":"closed","template":"page-templates\/homepage-no-hero.php","meta":{"footnotes":""},"class_list":["post-7122","page","type-page","status-publish","hentry"],"featured_media_urls":[],"_links":{"self":[{"href":"https:\/\/luna.krd.lt\/index.php\/wp-json\/wp\/v2\/pages\/7122","targetHints":{"allow":["GET"]}}],"collection":[{"href":"https:\/\/luna.krd.lt\/index.php\/wp-json\/wp\/v2\/pages"}],"about":[{"href":"https:\/\/luna.krd.lt\/index.php\/wp-json\/wp\/v2\/types\/page"}],"author":[{"embeddable":true,"href":"https:\/\/luna.krd.lt\/index.php\/wp-json\/wp\/v2\/users\/1"}],"replies":[{"embeddable":true,"href":"https:\/\/luna.krd.lt\/index.php\/wp-json\/wp\/v2\/comments?post=7122"}],"version-history":[{"count":30,"href":"https:\/\/luna.krd.lt\/index.php\/wp-json\/wp\/v2\/pages\/7122\/revisions"}],"predecessor-version":[{"id":7338,"href":"https:\/\/luna.krd.lt\/index.php\/wp-json\/wp\/v2\/pages\/7122\/revisions\/7338"}],"wp:attachment":[{"href":"https:\/\/luna.krd.lt\/index.php\/wp-json\/wp\/v2\/media?parent=7122"}],"curies":[{"name":"wp","href":"https:\/\/api.w.org\/{rel}","templated":true}]}}