{"id":7201,"date":"2024-08-21T23:34:40","date_gmt":"2024-08-21T23:34:40","guid":{"rendered":"https:\/\/luna.krd.lt\/?page_id=7201"},"modified":"2024-09-13T13:36:31","modified_gmt":"2024-09-13T13:36:31","slug":"homepage-2-3","status":"publish","type":"page","link":"https:\/\/luna.krd.lt\/index.php\/homepage-2-3\/","title":{"rendered":"Restoranas"},"content":{"rendered":"\n<header class=\"wp-block-cover alignfull\" style=\"margin-top:0;margin-bottom:0;min-height:100vh;aspect-ratio:unset;\"><span aria-hidden=\"true\" class=\"wp-block-cover__background has-primary-background-color has-background-dim-30 has-background-dim\"><\/span><img loading=\"lazy\" decoding=\"async\" width=\"2560\" height=\"1706\" class=\"wp-block-cover__image-background wp-image-7227\" alt=\"\" src=\"https:\/\/luna.krd.lt\/wp-content\/uploads\/2024\/09\/IMG_2278-scaled.jpg\" data-object-fit=\"cover\" srcset=\"https:\/\/luna.krd.lt\/wp-content\/uploads\/2024\/09\/IMG_2278-scaled.jpg 2560w, https:\/\/luna.krd.lt\/wp-content\/uploads\/2024\/09\/IMG_2278-300x200.jpg 300w, https:\/\/luna.krd.lt\/wp-content\/uploads\/2024\/09\/IMG_2278-1024x683.jpg 1024w, https:\/\/luna.krd.lt\/wp-content\/uploads\/2024\/09\/IMG_2278-2000x1333.jpg 2000w, https:\/\/luna.krd.lt\/wp-content\/uploads\/2024\/09\/IMG_2278-600x400.jpg 600w, https:\/\/luna.krd.lt\/wp-content\/uploads\/2024\/09\/IMG_2278-1200x800.jpg 1200w\" sizes=\"auto, (max-width: 2560px) 100vw, 2560px\" \/><div class=\"wp-block-cover__inner-container has-global-padding is-layout-constrained wp-block-cover-is-layout-constrained\">\n<h1 class=\"wp-block-heading has-text-align-center has-white-color has-text-color has-max-72-font-size\">Restoranas<\/h1>\n\n\n\n<hr class=\"wp-block-separator has-text-color has-alpha-channel-opacity has-background is-style-default\" style=\"margin-top:var(--wp--preset--spacing--x-small);margin-bottom:var(--wp--preset--spacing--x-small);background-color:#ffffff47;color:#ffffff47\"\/>\n\n\n\n<p class=\"has-text-align-center has-white-color has-text-color has-medium-font-size\">Pasinerkite \u012f unikali\u0105 skonio patirt\u012f, kurioje rafinuoti patiekalai, i\u0161skirtinis aptarnavimas ir magi\u0161ka atmosfera susilieja \u012f nepamir\u0161tam\u0105 vakar\u0105.<\/p>\n\n\n\n<p><\/p>\n<\/div><\/header>\n\n\n\n<div style=\"height:35px\" aria-hidden=\"true\" class=\"wp-block-spacer\"><\/div>\n\n\n\n<div class=\"wp-block-media-text is-stacked-on-mobile\" style=\"padding-right:var(--wp--preset--spacing--x-large);padding-left:var(--wp--preset--spacing--x-large);grid-template-columns:52% auto\"><figure class=\"wp-block-media-text__media\"><img loading=\"lazy\" decoding=\"async\" width=\"1024\" height=\"683\" src=\"https:\/\/luna.krd.lt\/wp-content\/uploads\/2024\/09\/IMG_3174-1024x683.jpg\" alt=\"\" class=\"wp-image-7283 size-full\" srcset=\"https:\/\/luna.krd.lt\/wp-content\/uploads\/2024\/09\/IMG_3174-1024x683.jpg 1024w, https:\/\/luna.krd.lt\/wp-content\/uploads\/2024\/09\/IMG_3174-300x200.jpg 300w, https:\/\/luna.krd.lt\/wp-content\/uploads\/2024\/09\/IMG_3174-2000x1333.jpg 2000w, https:\/\/luna.krd.lt\/wp-content\/uploads\/2024\/09\/IMG_3174-600x400.jpg 600w, https:\/\/luna.krd.lt\/wp-content\/uploads\/2024\/09\/IMG_3174-1200x800.jpg 1200w\" sizes=\"auto, (max-width: 1024px) 100vw, 1024px\" \/><\/figure><div class=\"wp-block-media-text__content\">\n<p><strong>LUNA restoranas kvie\u010dia jus \u012f neprilygstam\u0105 gastronomin\u0119 kelion\u0119, kurioje susipina i\u0161skirtin\u0117 kulinarija ir eleganti\u0161ka atmosfera. <\/strong><\/p>\n\n\n\n<p>M\u016bs\u0173 restoranas yra ideali vieta, kur gal\u0117site m\u0117gautis puikiu maistu ir i\u0161skirtiniu aptarnavimu, nepriklausomai nuo progos. Kiekvienas patiekalas m\u016bs\u0173 meniu yra r\u016bpestingai paruo\u0161tas naudojant auk\u0161\u010diausios kokyb\u0117s ingredientus, kurie paver\u010diami tikru gastronominiu meno k\u016briniu.<\/p>\n\n\n\n<p>Pas mus rasite plat\u0173 meniu, kuriame dera klasikini\u0173 patiekal\u0173 i\u0161 virtuv\u0117s perliuk\u0173 ir moderni\u0173 kulinarini\u0173 inovacij\u0173 derinys. M\u016bs\u0173 \u0161efai, \u012fkv\u0117pti pasaulin\u0117s virtuv\u0117s tendencij\u0173, kuria patiekalus, kurie ne tik d\u017eiugina skoniu, bet ir vizualiai maloniai atrodo. Kiekvienas patiekalas yra i\u0161skirtinis ir suteikia nauj\u0173 poj\u016b\u010di\u0173, o m\u016bs\u0173 meniu nuolat atnaujinamas, kad pasi\u016blyt\u0173 sezoninius skanumynus ir ypatingus pasi\u016blymus.<\/p>\n<\/div><\/div>\n\n\n\n<div style=\"height:46px\" aria-hidden=\"true\" class=\"wp-block-spacer\"><\/div>\n\n\n\n<div class=\"wp-block-group has-global-padding is-layout-constrained wp-block-group-is-layout-constrained\">\n<div class=\"wp-block-columns is-layout-flex wp-container-core-columns-is-layout-28f84493 wp-block-columns-is-layout-flex\">\n<div class=\"wp-block-column is-layout-flow wp-block-column-is-layout-flow\" style=\"padding-top:0;padding-right:0;padding-bottom:0;padding-left:0\">\n<div class=\"wp-block-cover aligncenter has-custom-content-position is-position-bottom-left\" style=\"padding-top:var(--wp--preset--spacing--small);padding-right:var(--wp--preset--spacing--x-small);padding-bottom:var(--wp--preset--spacing--small);padding-left:var(--wp--preset--spacing--x-small);min-height:809px;aspect-ratio:unset;\"><span aria-hidden=\"true\" class=\"wp-block-cover__background has-primary-background-color has-background-dim-40 has-background-dim\"><\/span><img loading=\"lazy\" decoding=\"async\" width=\"1254\" height=\"836\" class=\"wp-block-cover__image-background wp-image-6963\" alt=\"\" src=\"https:\/\/luna.krd.lt\/wp-content\/uploads\/2024\/08\/iStock-1081422898.jpg\" data-object-fit=\"cover\" srcset=\"https:\/\/luna.krd.lt\/wp-content\/uploads\/2024\/08\/iStock-1081422898.jpg 1254w, https:\/\/luna.krd.lt\/wp-content\/uploads\/2024\/08\/iStock-1081422898-300x200.jpg 300w, https:\/\/luna.krd.lt\/wp-content\/uploads\/2024\/08\/iStock-1081422898-1024x683.jpg 1024w, https:\/\/luna.krd.lt\/wp-content\/uploads\/2024\/08\/iStock-1081422898-600x400.jpg 600w, https:\/\/luna.krd.lt\/wp-content\/uploads\/2024\/08\/iStock-1081422898-1200x800.jpg 1200w\" sizes=\"auto, (max-width: 1254px) 100vw, 1254px\" \/><div class=\"wp-block-cover__inner-container is-layout-flow wp-block-cover-is-layout-flow\">\n<h3 class=\"wp-block-heading has-white-color has-text-color has-medium-font-size\" style=\"margin-top:0;margin-right:0;margin-bottom:0;margin-left:0\">PATIEKALAI, KURIE JUS SU\u017dAV\u0116S&#8230;<\/h3>\n\n\n\n<p><\/p>\n\n\n\n<div class=\"wp-block-buttons is-layout-flex wp-block-buttons-is-layout-flex\">\n<div class=\"wp-block-button\"><a class=\"wp-block-button__link wp-element-button\">PER\u017dI\u016aR\u0116TI MENIU<\/a><\/div>\n<\/div>\n<\/div><\/div>\n<\/div>\n\n\n\n<div class=\"wp-block-column is-layout-flow wp-block-column-is-layout-flow\" style=\"padding-top:0;padding-right:0;padding-bottom:0;padding-left:0\">\n<div class=\"wp-block-cover has-custom-content-position is-position-bottom-left\" style=\"padding-top:var(--wp--preset--spacing--small);padding-right:var(--wp--preset--spacing--x-small);padding-bottom:var(--wp--preset--spacing--small);padding-left:var(--wp--preset--spacing--x-small);min-height:808px;aspect-ratio:unset;\"><span aria-hidden=\"true\" class=\"wp-block-cover__background has-primary-background-color has-background-dim-40 has-background-dim\"><\/span><img loading=\"lazy\" decoding=\"async\" width=\"1800\" height=\"1200\" class=\"wp-block-cover__image-background wp-image-6967\" alt=\"\" src=\"https:\/\/luna.krd.lt\/wp-content\/uploads\/2024\/08\/SamTell_Blog-LibbeyWineGlasses.jpg\" style=\"object-position:46% 50%\" data-object-fit=\"cover\" data-object-position=\"46% 50%\" srcset=\"https:\/\/luna.krd.lt\/wp-content\/uploads\/2024\/08\/SamTell_Blog-LibbeyWineGlasses.jpg 1800w, https:\/\/luna.krd.lt\/wp-content\/uploads\/2024\/08\/SamTell_Blog-LibbeyWineGlasses-300x200.jpg 300w, https:\/\/luna.krd.lt\/wp-content\/uploads\/2024\/08\/SamTell_Blog-LibbeyWineGlasses-1024x683.jpg 1024w, https:\/\/luna.krd.lt\/wp-content\/uploads\/2024\/08\/SamTell_Blog-LibbeyWineGlasses-600x400.jpg 600w, https:\/\/luna.krd.lt\/wp-content\/uploads\/2024\/08\/SamTell_Blog-LibbeyWineGlasses-1200x800.jpg 1200w\" sizes=\"auto, (max-width: 1800px) 100vw, 1800px\" \/><div class=\"wp-block-cover__inner-container is-layout-flow wp-block-cover-is-layout-flow\">\n<h3 class=\"wp-block-heading has-white-color has-text-color has-medium-font-size\" style=\"margin-top:0;margin-right:0;margin-bottom:0;margin-left:0\">G\u0116RIMAI KIEKVIENO SKONIUI&#8230;<\/h3>\n\n\n\n<p><\/p>\n\n\n\n<div class=\"wp-block-buttons is-layout-flex wp-block-buttons-is-layout-flex\">\n<div class=\"wp-block-button\"><a class=\"wp-block-button__link wp-element-button\">G\u0116RIM\u0172 MENIU<\/a><\/div>\n<\/div>\n<\/div><\/div>\n<\/div>\n<\/div>\n<\/div>\n\n\n\n<div style=\"height:42px\" aria-hidden=\"true\" class=\"wp-block-spacer\"><\/div>\n\n\n\n<div class=\"wp-block-media-text is-stacked-on-mobile\" style=\"padding-top:0;padding-right:var(--wp--preset--spacing--x-large);padding-bottom:0;padding-left:var(--wp--preset--spacing--x-large)\"><figure class=\"wp-block-media-text__media\"><img loading=\"lazy\" decoding=\"async\" width=\"1024\" height=\"683\" src=\"https:\/\/luna.krd.lt\/wp-content\/uploads\/2024\/09\/IMG_3213-1024x683.jpg\" alt=\"\" class=\"wp-image-7290 size-full\" srcset=\"https:\/\/luna.krd.lt\/wp-content\/uploads\/2024\/09\/IMG_3213-1024x683.jpg 1024w, https:\/\/luna.krd.lt\/wp-content\/uploads\/2024\/09\/IMG_3213-300x200.jpg 300w, https:\/\/luna.krd.lt\/wp-content\/uploads\/2024\/09\/IMG_3213-2000x1333.jpg 2000w, https:\/\/luna.krd.lt\/wp-content\/uploads\/2024\/09\/IMG_3213-600x400.jpg 600w, https:\/\/luna.krd.lt\/wp-content\/uploads\/2024\/09\/IMG_3213-1200x800.jpg 1200w\" sizes=\"auto, (max-width: 1024px) 100vw, 1024px\" \/><\/figure><div class=\"wp-block-media-text__content\">\n<p>Restorano interjeras \u2013 tai stilingas ir rafinuotas dizainas, kuris sukuria jauki\u0105 ir eleganti\u0161k\u0105 atmosfer\u0105. M\u016bs\u0173 erdv\u0117s yra sukurta taip, kad atitikt\u0173 tiek romanti\u0161kas vakarienes, tiek d\u017eiaugsmingus susib\u016brimus su draugais ar kolegomis. M\u016bs\u0173 d\u0117mesys detal\u0117ms ir auk\u0161tos kokyb\u0117s aptarnavimas garantuoja, kad kiekvienas apsilankymas bus ne tik skanus, bet ir malonus potyris.<\/p>\n<\/div><\/div>\n\n\n\n<div style=\"height:39px\" aria-hidden=\"true\" class=\"wp-block-spacer\"><\/div>\n\n\n\n<div class=\"wp-block-media-text has-media-on-the-right is-stacked-on-mobile\" style=\"padding-right:var(--wp--preset--spacing--x-large);padding-left:var(--wp--preset--spacing--x-large)\"><div class=\"wp-block-media-text__content\">\n<p>UNA restorane mes siekiame, kad kiekviena j\u016bs\u0173 vakarien\u0117 tapt\u0173 ypatinga \u0161vente. M\u016bs\u0173 profesionalus personalas pasir\u016bpins, kad j\u016bs\u0173 vizitas b\u016bt\u0173 nepriekai\u0161tingas nuo prad\u017eios iki pabaigos. Atsipalaiduokite ir m\u0117gaukit\u0117s i\u0161skirtiniais patiekalais bei malonia kompanija m\u016bs\u0173 eleganti\u0161koje aplinkoje.<\/p>\n<\/div><figure class=\"wp-block-media-text__media\"><img loading=\"lazy\" decoding=\"async\" width=\"1024\" height=\"683\" src=\"https:\/\/luna.krd.lt\/wp-content\/uploads\/2024\/09\/IMG_3198-1-1024x683.jpg\" alt=\"\" class=\"wp-image-7293 size-full\" srcset=\"https:\/\/luna.krd.lt\/wp-content\/uploads\/2024\/09\/IMG_3198-1-1024x683.jpg 1024w, https:\/\/luna.krd.lt\/wp-content\/uploads\/2024\/09\/IMG_3198-1-300x200.jpg 300w, https:\/\/luna.krd.lt\/wp-content\/uploads\/2024\/09\/IMG_3198-1-2000x1333.jpg 2000w, https:\/\/luna.krd.lt\/wp-content\/uploads\/2024\/09\/IMG_3198-1-600x400.jpg 600w, https:\/\/luna.krd.lt\/wp-content\/uploads\/2024\/09\/IMG_3198-1-1200x800.jpg 1200w\" sizes=\"auto, (max-width: 1024px) 100vw, 1024px\" \/><\/figure><\/div>\n\n\n\n<p class=\"has-text-align-center\"><\/p>\n\n\n\n<div style=\"height:59px\" aria-hidden=\"true\" class=\"wp-block-spacer\"><\/div>\n\n\n\n<div class=\"wp-block-cover alignfull\" style=\"min-height:653px;aspect-ratio:unset;\"><span aria-hidden=\"true\" class=\"wp-block-cover__background has-black-background-color has-background-dim-40 has-background-dim\"><\/span><img loading=\"lazy\" decoding=\"async\" width=\"1440\" height=\"1800\" class=\"wp-block-cover__image-background wp-image-7040\" alt=\"\" src=\"https:\/\/luna.krd.lt\/wp-content\/uploads\/2024\/08\/448466703_17892735507020124_4177735913371713156_n-1.jpg\" style=\"object-position:57% 72%\" data-object-fit=\"cover\" data-object-position=\"57% 72%\" srcset=\"https:\/\/luna.krd.lt\/wp-content\/uploads\/2024\/08\/448466703_17892735507020124_4177735913371713156_n-1.jpg 1440w, https:\/\/luna.krd.lt\/wp-content\/uploads\/2024\/08\/448466703_17892735507020124_4177735913371713156_n-1-240x300.jpg 240w, https:\/\/luna.krd.lt\/wp-content\/uploads\/2024\/08\/448466703_17892735507020124_4177735913371713156_n-1-819x1024.jpg 819w\" sizes=\"auto, (max-width: 1440px) 100vw, 1440px\" \/><div class=\"wp-block-cover__inner-container has-global-padding is-layout-constrained wp-container-core-cover-is-layout-19e250f3 wp-block-cover-is-layout-constrained\">\n<div class=\"wp-block-group has-global-padding is-layout-constrained wp-container-core-group-is-layout-4383d167 wp-block-group-is-layout-constrained\">\n<h2 class=\"wp-block-heading has-white-color has-text-color has-large-font-size\">Rezervacija<\/h2>\n\n\n\n<p>LUNA restorane kiekvienas vakaras tampa gurmani\u0161ka \u0161vente, kurios nenor\u0117site praleisti. Ateikite ir leiskit\u0117s su\u017eav\u0117ti unikaliomis gastronomin\u0117mis akimirkomis.<\/p>\n\n\n\n<div style=\"height:31px\" aria-hidden=\"true\" class=\"wp-block-spacer\"><\/div>\n\n\n\n<div class=\"wp-block-buttons is-content-justification-left is-layout-flex wp-container-core-buttons-is-layout-d7bdc116 wp-block-buttons-is-layout-flex\" style=\"margin-top:0;margin-bottom:0\">\n<div class=\"wp-block-button is-style-fill\" style=\"text-transform:uppercase\"><a class=\"wp-block-button__link has-white-color has-primary-background-color has-text-color has-background has-link-color wp-element-button\" style=\"border-radius:0px\">Rezervuoti staliuk\u0105<\/a><\/div>\n<\/div>\n<\/div>\n<\/div><\/div>\n\n\n\n<div class=\"wp-block-cover alignfull has-parallax is-position-center-center\" style=\"border-style:none;border-width:0px;border-radius:0px;margin-top:0;margin-bottom:0;padding-right:0;padding-bottom:0;padding-left:0;min-height:100vh;aspect-ratio:unset;\"><span aria-hidden=\"true\" class=\"wp-block-cover__background has-primary-background-color has-background-dim-60 has-background-dim\"><\/span><div class=\"wp-block-cover__image-background wp-image-6944 has-parallax\" style=\"background-position:50% 50%;background-image:url(https:\/\/luna.krd.lt\/wp-content\/uploads\/2024\/08\/347613834_159168483848441_3255242481667839103_n.jpg)\"><\/div><div class=\"wp-block-cover__inner-container has-global-padding is-layout-constrained wp-container-core-cover-is-layout-f914181d wp-block-cover-is-layout-constrained\">\n<div class=\"wp-block-group has-global-padding is-layout-constrained wp-block-group-is-layout-constrained\">\n<div style=\"height:32px\" aria-hidden=\"true\" class=\"wp-block-spacer\"><\/div>\n\n\n\n<p class=\"has-text-align-center has-white-color has-text-color has-x-large-font-size\"><strong>Darbo laikas<\/strong><\/p>\n\n\n\n<p class=\"has-text-align-center has-medium-font-size\"><strong>Pirmadienis<\/strong><\/p>\n\n\n\n<p class=\"has-text-align-center has-small-font-size\">-Nedirbame<\/p>\n\n\n\n<p class=\"has-text-align-center has-medium-font-size\"><strong>Antradieniais- Ketvirtadieniais<\/strong><\/p>\n\n\n\n<p class=\"has-text-align-center has-small-font-size\">11:30 iki 21:00 val.<\/p>\n\n\n\n<p class=\"has-text-align-center has-medium-font-size\"><strong>\u0160e\u0161tadieni<\/strong>ais<\/p>\n\n\n\n<p class=\"has-text-align-center has-small-font-size\">11:00 iki 23:00 val.<\/p>\n\n\n\n<p class=\"has-text-align-center has-medium-font-size\"><strong>Sekmadieniais<\/strong><\/p>\n\n\n\n<p class=\"has-text-align-center has-small-font-size\">11:00 iki 21:00 val.<\/p>\n\n\n\n<div style=\"height:31px\" aria-hidden=\"true\" class=\"wp-block-spacer\"><\/div>\n\n\n\n<div class=\"wp-block-buttons is-horizontal is-content-justification-center is-layout-flex wp-container-core-buttons-is-layout-03627597 wp-block-buttons-is-layout-flex\">\n<div class=\"wp-block-button\"><a class=\"wp-block-button__link wp-element-button\">GAUTI NUORODAS<\/a><\/div>\n<\/div>\n<\/div>\n<\/div><\/div>\n","protected":false},"excerpt":{"rendered":"<p>LUNA restoranas kvie\u010dia jus \u012f neprilygstam\u0105 gastronomin\u0119 kelion\u0119, kurioje susipina i\u0161skirtin\u0117 kulinarija ir eleganti\u0161ka atmosfera. M\u016bs\u0173 restoranas yra ideali vieta, kur gal\u0117site m\u0117gautis puikiu maistu ir i\u0161skirtiniu aptarnavimu, nepriklausomai nuo progos. Kiekvienas patiekalas m\u016bs\u0173 meniu yra r\u016bpestingai paruo\u0161tas naudojant auk\u0161\u010diausios kokyb\u0117s ingredientus, kurie paver\u010diami tikru gastronominiu meno k\u016briniu. Pas mus rasite plat\u0173 meniu, kuriame dera &hellip; <\/p>\n<p class=\"link-more\"><a href=\"https:\/\/luna.krd.lt\/index.php\/homepage-2-3\/\" class=\"more-link\">Read more<span class=\"screen-reader-text\"> &#8220;Restoranas&#8221;<\/span><\/a><\/p>\n","protected":false},"author":1,"featured_media":0,"parent":0,"menu_order":0,"comment_status":"closed","ping_status":"closed","template":"page-templates\/homepage-no-hero.php","meta":{"footnotes":""},"class_list":["post-7201","page","type-page","status-publish","hentry"],"featured_media_urls":[],"_links":{"self":[{"href":"https:\/\/luna.krd.lt\/index.php\/wp-json\/wp\/v2\/pages\/7201","targetHints":{"allow":["GET"]}}],"collection":[{"href":"https:\/\/luna.krd.lt\/index.php\/wp-json\/wp\/v2\/pages"}],"about":[{"href":"https:\/\/luna.krd.lt\/index.php\/wp-json\/wp\/v2\/types\/page"}],"author":[{"embeddable":true,"href":"https:\/\/luna.krd.lt\/index.php\/wp-json\/wp\/v2\/users\/1"}],"replies":[{"embeddable":true,"href":"https:\/\/luna.krd.lt\/index.php\/wp-json\/wp\/v2\/comments?post=7201"}],"version-history":[{"count":16,"href":"https:\/\/luna.krd.lt\/index.php\/wp-json\/wp\/v2\/pages\/7201\/revisions"}],"predecessor-version":[{"id":7348,"href":"https:\/\/luna.krd.lt\/index.php\/wp-json\/wp\/v2\/pages\/7201\/revisions\/7348"}],"wp:attachment":[{"href":"https:\/\/luna.krd.lt\/index.php\/wp-json\/wp\/v2\/media?parent=7201"}],"curies":[{"name":"wp","href":"https:\/\/api.w.org\/{rel}","templated":true}]}}