{"id":7215,"date":"2024-08-21T23:46:37","date_gmt":"2024-08-21T23:46:37","guid":{"rendered":"https:\/\/luna.krd.lt\/?page_id=7215"},"modified":"2024-09-13T13:35:42","modified_gmt":"2024-09-13T13:35:42","slug":"homepage-2-3-2-2","status":"publish","type":"page","link":"https:\/\/luna.krd.lt\/index.php\/homepage-2-3-2-2\/","title":{"rendered":"Pramog\u0173 zona"},"content":{"rendered":"\n<header class=\"wp-block-cover alignfull\" style=\"margin-top:0;margin-bottom:0;min-height:100vh;aspect-ratio:unset;\"><span aria-hidden=\"true\" class=\"wp-block-cover__background has-primary-background-color has-background-dim-30 has-background-dim\"><\/span><img loading=\"lazy\" decoding=\"async\" width=\"2560\" height=\"1707\" class=\"wp-block-cover__image-background wp-image-7232\" alt=\"\" src=\"https:\/\/luna.krd.lt\/wp-content\/uploads\/2024\/09\/IMG_2756-scaled.jpg\" data-object-fit=\"cover\" srcset=\"https:\/\/luna.krd.lt\/wp-content\/uploads\/2024\/09\/IMG_2756-scaled.jpg 2560w, https:\/\/luna.krd.lt\/wp-content\/uploads\/2024\/09\/IMG_2756-300x200.jpg 300w, https:\/\/luna.krd.lt\/wp-content\/uploads\/2024\/09\/IMG_2756-1024x683.jpg 1024w, https:\/\/luna.krd.lt\/wp-content\/uploads\/2024\/09\/IMG_2756-2000x1333.jpg 2000w, https:\/\/luna.krd.lt\/wp-content\/uploads\/2024\/09\/IMG_2756-600x400.jpg 600w, https:\/\/luna.krd.lt\/wp-content\/uploads\/2024\/09\/IMG_2756-1200x800.jpg 1200w\" sizes=\"auto, (max-width: 2560px) 100vw, 2560px\" \/><div class=\"wp-block-cover__inner-container has-global-padding is-layout-constrained wp-block-cover-is-layout-constrained\">\n<h1 class=\"wp-block-heading has-text-align-center has-white-color has-text-color has-max-72-font-size\">Pramog\u0173 zona<\/h1>\n\n\n\n<hr class=\"wp-block-separator has-text-color has-alpha-channel-opacity has-background is-style-default\" style=\"margin-top:var(--wp--preset--spacing--x-small);margin-bottom:var(--wp--preset--spacing--x-small);background-color:#ffffff47;color:#ffffff47\"\/>\n\n\n\n<p class=\"has-text-align-center has-white-color has-text-color has-medium-font-size\"> Vieta kur j\u016bs\u0173 malonumas ir komfortas yra m\u016bs\u0173 prioritetas!<\/p>\n\n\n\n<p><\/p>\n\n\n\n<div class=\"wp-block-buttons is-content-justification-center is-layout-flex wp-container-core-buttons-is-layout-a89b3969 wp-block-buttons-is-layout-flex\"><\/div>\n<\/div><\/header>\n\n\n\n<div style=\"height:47px\" aria-hidden=\"true\" class=\"wp-block-spacer\"><\/div>\n\n\n\n<div class=\"wp-block-media-text is-stacked-on-mobile\" style=\"padding-right:var(--wp--preset--spacing--x-large);padding-left:var(--wp--preset--spacing--x-large)\"><figure class=\"wp-block-media-text__media\"><img loading=\"lazy\" decoding=\"async\" width=\"1024\" height=\"683\" src=\"https:\/\/luna.krd.lt\/wp-content\/uploads\/2024\/09\/IMG_2801-1024x683.jpg\" alt=\"\" class=\"wp-image-7328 size-full\" srcset=\"https:\/\/luna.krd.lt\/wp-content\/uploads\/2024\/09\/IMG_2801-1024x683.jpg 1024w, https:\/\/luna.krd.lt\/wp-content\/uploads\/2024\/09\/IMG_2801-300x200.jpg 300w, https:\/\/luna.krd.lt\/wp-content\/uploads\/2024\/09\/IMG_2801-2000x1334.jpg 2000w, https:\/\/luna.krd.lt\/wp-content\/uploads\/2024\/09\/IMG_2801-600x400.jpg 600w, https:\/\/luna.krd.lt\/wp-content\/uploads\/2024\/09\/IMG_2801-1200x800.jpg 1200w\" sizes=\"auto, (max-width: 1024px) 100vw, 1024px\" \/><\/figure><div class=\"wp-block-media-text__content\">\n<p><strong>LUNA pramog\u0173 zona \u2013 tai ne tik vieta, kur galima smagiai praleisti laik\u0105, bet ir tikras pramog\u0173 rojus, kuriame susipina azartas ir draugi\u0161ka konkurencija. <\/strong><\/p>\n\n\n\n<p>M\u016bs\u0173 boulingo aik\u0161tel\u0117s sukuria idealias s\u0105lygas m\u0117gautis \u0161iuo klasikinio \u017eaidimo malonumu, nepriklausomai nuo j\u016bs\u0173 \u012fg\u016bd\u017ei\u0173 lygio. Eleganti\u0161kos boulingo takeliai su modernia \u012franga garantuoja skland\u0173 \u017eaidim\u0105 ir puiki\u0105 atmosfer\u0105 kiekvienam m\u016bs\u0173 sve\u010diui. \u0160ioje zonoje rasite ir stilingus lounge kambarius, kuriuose galite atsipalaiduoti, kol laukiate savo eil\u0117s arba \u0161v\u0119sti pergal\u0119 su draugais.<\/p>\n<\/div><\/div>\n\n\n\n<div style=\"height:22px\" aria-hidden=\"true\" class=\"wp-block-spacer\"><\/div>\n\n\n\n<div class=\"wp-block-media-text has-media-on-the-right is-stacked-on-mobile\" style=\"padding-right:var(--wp--preset--spacing--x-large);padding-left:var(--wp--preset--spacing--x-large)\"><div class=\"wp-block-media-text__content\">\n<p><strong>Be boulingo, LUNA pramog\u0173 zona si\u016blo i\u0161skirtin\u0119 biliardo patirt\u012f. <\/strong><\/p>\n\n\n\n<p>M\u016bs\u0173 biliardo stalai yra profesionaliai paruo\u0161ti ir puikiai pri\u017ei\u016brimi, kad kiekvienas sm\u016bgis b\u016bt\u0173 tikslus ir malonus. \u010cia galite m\u0117gautis tiek draugi\u0161komis var\u017eybomis, tiek rimtesn\u0117mis partijomis, kuriose i\u0161bandysite savo strateginius \u012fg\u016bd\u017eius ir tikslum\u0105. Rami atmosfera ir stilingas interjeras sukuria ideali\u0105 aplink\u0105, kurioje galite atsipalaiduoti, pasikalb\u0117ti ir tiesiog m\u0117gautis laiku praleistu su artimaisiais ar kolegomis.<\/p>\n<\/div><figure class=\"wp-block-media-text__media\"><img loading=\"lazy\" decoding=\"async\" width=\"1024\" height=\"683\" src=\"https:\/\/luna.krd.lt\/wp-content\/uploads\/2024\/09\/IMG_2836-1024x683.jpg\" alt=\"\" class=\"wp-image-7330 size-full\" srcset=\"https:\/\/luna.krd.lt\/wp-content\/uploads\/2024\/09\/IMG_2836-1024x683.jpg 1024w, https:\/\/luna.krd.lt\/wp-content\/uploads\/2024\/09\/IMG_2836-300x200.jpg 300w, https:\/\/luna.krd.lt\/wp-content\/uploads\/2024\/09\/IMG_2836-2000x1333.jpg 2000w, https:\/\/luna.krd.lt\/wp-content\/uploads\/2024\/09\/IMG_2836-600x400.jpg 600w, https:\/\/luna.krd.lt\/wp-content\/uploads\/2024\/09\/IMG_2836-1200x800.jpg 1200w\" sizes=\"auto, (max-width: 1024px) 100vw, 1024px\" \/><\/figure><\/div>\n\n\n\n<p><\/p>\n\n\n\n<p class=\"has-text-align-center\"><\/p>\n\n\n\n<div style=\"height:46px\" aria-hidden=\"true\" class=\"wp-block-spacer\"><\/div>\n\n\n\n<div class=\"wp-block-group alignfull pattern_multiple_covers has-background has-global-padding is-layout-constrained wp-block-group-is-layout-constrained\" id=\"services\" style=\"background-color:#f8f8f8\">\n<div style=\"height:46px\" aria-hidden=\"true\" class=\"wp-block-spacer\"><\/div>\n\n\n\n<div class=\"wp-block-columns is-layout-flex wp-container-core-columns-is-layout-28f84493 wp-block-columns-is-layout-flex\">\n<div class=\"wp-block-column is-layout-flow wp-block-column-is-layout-flow\" style=\"padding-top:0;padding-right:0;padding-bottom:0;padding-left:0\">\n<div class=\"wp-block-cover has-custom-content-position is-position-bottom-left\" style=\"padding-top:var(--wp--preset--spacing--small);padding-right:var(--wp--preset--spacing--x-small);padding-bottom:var(--wp--preset--spacing--small);padding-left:var(--wp--preset--spacing--x-small);min-height:804px;aspect-ratio:unset;\"><span aria-hidden=\"true\" class=\"wp-block-cover__background has-primary-background-color has-background-dim-40 has-background-dim\"><\/span><img loading=\"lazy\" decoding=\"async\" width=\"1024\" height=\"683\" class=\"wp-block-cover__image-background wp-image-7222\" alt=\"\" src=\"https:\/\/luna.krd.lt\/wp-content\/uploads\/2024\/08\/480518094-1.jpg\" style=\"object-position:13% 57%\" data-object-fit=\"cover\" data-object-position=\"13% 57%\" srcset=\"https:\/\/luna.krd.lt\/wp-content\/uploads\/2024\/08\/480518094-1.jpg 1024w, https:\/\/luna.krd.lt\/wp-content\/uploads\/2024\/08\/480518094-1-300x200.jpg 300w, https:\/\/luna.krd.lt\/wp-content\/uploads\/2024\/08\/480518094-1-600x400.jpg 600w\" sizes=\"auto, (max-width: 1024px) 100vw, 1024px\" \/><div class=\"wp-block-cover__inner-container is-layout-flow wp-block-cover-is-layout-flow\">\n<h3 class=\"wp-block-heading has-white-color has-text-color has-medium-font-size\" style=\"margin-top:0;margin-right:0;margin-bottom:0;margin-left:0\">Boulingas<\/h3>\n<\/div><\/div>\n<\/div>\n\n\n\n<div class=\"wp-block-column is-layout-flow wp-block-column-is-layout-flow\" style=\"padding-top:0;padding-right:0;padding-bottom:0;padding-left:0\">\n<div class=\"wp-block-cover has-custom-content-position is-position-bottom-left\" style=\"padding-top:var(--wp--preset--spacing--small);padding-right:var(--wp--preset--spacing--x-small);padding-bottom:var(--wp--preset--spacing--small);padding-left:var(--wp--preset--spacing--x-small);min-height:804px;aspect-ratio:unset;\"><span aria-hidden=\"true\" class=\"wp-block-cover__background has-primary-background-color has-background-dim-40 has-background-dim\"><\/span><img loading=\"lazy\" decoding=\"async\" width=\"2048\" height=\"1366\" class=\"wp-block-cover__image-background wp-image-7025\" alt=\"\" src=\"https:\/\/luna.krd.lt\/wp-content\/uploads\/2024\/08\/362242000_161250940306862_7618965829029986492_n.jpg\" style=\"object-position:64% 87%\" data-object-fit=\"cover\" data-object-position=\"64% 87%\" srcset=\"https:\/\/luna.krd.lt\/wp-content\/uploads\/2024\/08\/362242000_161250940306862_7618965829029986492_n.jpg 2048w, https:\/\/luna.krd.lt\/wp-content\/uploads\/2024\/08\/362242000_161250940306862_7618965829029986492_n-300x200.jpg 300w, https:\/\/luna.krd.lt\/wp-content\/uploads\/2024\/08\/362242000_161250940306862_7618965829029986492_n-1024x683.jpg 1024w, https:\/\/luna.krd.lt\/wp-content\/uploads\/2024\/08\/362242000_161250940306862_7618965829029986492_n-2000x1334.jpg 2000w, https:\/\/luna.krd.lt\/wp-content\/uploads\/2024\/08\/362242000_161250940306862_7618965829029986492_n-600x400.jpg 600w, https:\/\/luna.krd.lt\/wp-content\/uploads\/2024\/08\/362242000_161250940306862_7618965829029986492_n-1200x800.jpg 1200w\" sizes=\"auto, (max-width: 2048px) 100vw, 2048px\" \/><div class=\"wp-block-cover__inner-container is-layout-flow wp-block-cover-is-layout-flow\">\n<h3 class=\"wp-block-heading has-white-color has-text-color has-medium-font-size\" style=\"margin-top:0;margin-right:0;margin-bottom:0;margin-left:0\">Stalo futbolas<\/h3>\n<\/div><\/div>\n<\/div>\n\n\n\n<div class=\"wp-block-column is-layout-flow wp-block-column-is-layout-flow\" style=\"padding-top:0;padding-right:0;padding-bottom:0;padding-left:0\">\n<div class=\"wp-block-cover has-custom-content-position is-position-bottom-left\" style=\"padding-top:var(--wp--preset--spacing--small);padding-right:var(--wp--preset--spacing--x-small);padding-bottom:var(--wp--preset--spacing--small);padding-left:var(--wp--preset--spacing--x-small);min-height:804px;aspect-ratio:unset;\"><span aria-hidden=\"true\" class=\"wp-block-cover__background has-primary-background-color has-background-dim\"><\/span><img loading=\"lazy\" decoding=\"async\" width=\"1024\" height=\"683\" class=\"wp-block-cover__image-background wp-image-7221\" alt=\"\" src=\"https:\/\/luna.krd.lt\/wp-content\/uploads\/2024\/08\/480518071-1.jpg\" style=\"object-position:31% 52%\" data-object-fit=\"cover\" data-object-position=\"31% 52%\" srcset=\"https:\/\/luna.krd.lt\/wp-content\/uploads\/2024\/08\/480518071-1.jpg 1024w, https:\/\/luna.krd.lt\/wp-content\/uploads\/2024\/08\/480518071-1-300x200.jpg 300w, https:\/\/luna.krd.lt\/wp-content\/uploads\/2024\/08\/480518071-1-600x400.jpg 600w\" sizes=\"auto, (max-width: 1024px) 100vw, 1024px\" \/><div class=\"wp-block-cover__inner-container is-layout-flow wp-block-cover-is-layout-flow\">\n<h3 class=\"wp-block-heading has-white-color has-text-color has-medium-font-size\" style=\"margin-top:0;margin-right:0;margin-bottom:0;margin-left:0\">Biliardas<\/h3>\n<\/div><\/div>\n<\/div>\n<\/div>\n\n\n\n<div style=\"height:103px\" aria-hidden=\"true\" class=\"wp-block-spacer\"><\/div>\n<\/div>\n\n\n\n<div class=\"wp-block-media-text is-stacked-on-mobile\" style=\"padding-right:var(--wp--preset--spacing--x-large);padding-left:var(--wp--preset--spacing--x-large)\"><figure class=\"wp-block-media-text__media\"><img loading=\"lazy\" decoding=\"async\" width=\"1024\" height=\"682\" src=\"https:\/\/luna.krd.lt\/wp-content\/uploads\/2024\/09\/IMG_3099-1024x682.jpg\" alt=\"\" class=\"wp-image-7314 size-full\" srcset=\"https:\/\/luna.krd.lt\/wp-content\/uploads\/2024\/09\/IMG_3099-1024x682.jpg 1024w, https:\/\/luna.krd.lt\/wp-content\/uploads\/2024\/09\/IMG_3099-300x200.jpg 300w, https:\/\/luna.krd.lt\/wp-content\/uploads\/2024\/09\/IMG_3099-2000x1333.jpg 2000w, https:\/\/luna.krd.lt\/wp-content\/uploads\/2024\/09\/IMG_3099-600x400.jpg 600w, https:\/\/luna.krd.lt\/wp-content\/uploads\/2024\/09\/IMG_3099-1200x800.jpg 1200w\" sizes=\"auto, (max-width: 1024px) 100vw, 1024px\" \/><\/figure><div class=\"wp-block-media-text__content\">\n<p><strong>LUNA pramog\u0173 zona yra daugiau nei tik \u017eaidim\u0173 erdv\u0117 \u2013 tai vieta, kur kiekvienas apsilankymas tampa ypatingu \u012fvykiu. <\/strong><\/p>\n\n\n\n<p>M\u016bs\u0173 sve\u010diai gali pasikliauti auk\u0161tos kokyb\u0117s aptarnavimu ir patogiu \u012frengimu, kuris u\u017etikrina, kad kiekvienas vakaras b\u016bt\u0173 puikiai praleistas. Nesvarbu, ar esate boulingo entuziastas, ar biliardo meistras, LUNA pramog\u0173 zona si\u016blo jums \u012fvairiapusi\u0161k\u0105 pramog\u0173 patirt\u012f, kuri atitiks j\u016bs\u0173 l\u016bkes\u010dius ir leis m\u0117gautis kiekviena akimirka.<\/p>\n<\/div><\/div>\n\n\n\n<p class=\"has-text-align-center\"><\/p>\n\n\n\n<div style=\"height:46px\" aria-hidden=\"true\" class=\"wp-block-spacer\"><\/div>\n\n\n\n<p><\/p>\n\n\n\n<div class=\"wp-block-cover alignfull is-position-center-center\" style=\"border-style:none;border-width:0px;border-radius:0px;margin-top:0;margin-bottom:0;padding-right:0;padding-bottom:0;padding-left:0;min-height:100vh;aspect-ratio:unset;\"><span aria-hidden=\"true\" class=\"wp-block-cover__background has-primary-background-color has-background-dim-60 has-background-dim\"><\/span><img loading=\"lazy\" decoding=\"async\" width=\"2560\" height=\"1706\" class=\"wp-block-cover__image-background wp-image-7245\" alt=\"\" src=\"https:\/\/luna.krd.lt\/wp-content\/uploads\/2024\/09\/IMG_2802-scaled.jpg\" data-object-fit=\"cover\" srcset=\"https:\/\/luna.krd.lt\/wp-content\/uploads\/2024\/09\/IMG_2802-scaled.jpg 2560w, https:\/\/luna.krd.lt\/wp-content\/uploads\/2024\/09\/IMG_2802-300x200.jpg 300w, https:\/\/luna.krd.lt\/wp-content\/uploads\/2024\/09\/IMG_2802-1024x682.jpg 1024w, https:\/\/luna.krd.lt\/wp-content\/uploads\/2024\/09\/IMG_2802-2000x1333.jpg 2000w, https:\/\/luna.krd.lt\/wp-content\/uploads\/2024\/09\/IMG_2802-600x400.jpg 600w, https:\/\/luna.krd.lt\/wp-content\/uploads\/2024\/09\/IMG_2802-1200x800.jpg 1200w\" sizes=\"auto, (max-width: 2560px) 100vw, 2560px\" \/><div class=\"wp-block-cover__inner-container is-layout-flow wp-container-core-cover-is-layout-084746a6 wp-block-cover-is-layout-flow\">\n<div class=\"wp-block-group has-global-padding is-layout-constrained wp-block-group-is-layout-constrained\">\n<div style=\"height:32px\" aria-hidden=\"true\" class=\"wp-block-spacer\"><\/div>\n\n\n\n<p class=\"has-text-align-center has-white-color has-text-color has-x-large-font-size\"><strong>M\u016bs\u0173 adresas<\/strong><\/p>\n\n\n\n<p class=\"has-text-align-center has-medium-font-size\">Mokyklos g. 1, Mokolai, 68460 Marijampol\u0117s sav. Lietuva.<\/p>\n\n\n\n<p class=\"has-text-align-center has-medium-font-size\">Telefonas: (0-620) 46999<\/p>\n\n\n\n<div style=\"height:31px\" aria-hidden=\"true\" class=\"wp-block-spacer\"><\/div>\n\n\n\n<div class=\"wp-block-buttons is-horizontal is-content-justification-center is-layout-flex wp-container-core-buttons-is-layout-03627597 wp-block-buttons-is-layout-flex\">\n<div class=\"wp-block-button\"><a class=\"wp-block-button__link wp-element-button\">GAUTI NUORODAS<\/a><\/div>\n<\/div>\n<\/div>\n<\/div><\/div>\n","protected":false},"excerpt":{"rendered":"<p>LUNA pramog\u0173 zona \u2013 tai ne tik vieta, kur galima smagiai praleisti laik\u0105, bet ir tikras pramog\u0173 rojus, kuriame susipina azartas ir draugi\u0161ka konkurencija. M\u016bs\u0173 boulingo aik\u0161tel\u0117s sukuria idealias s\u0105lygas m\u0117gautis \u0161iuo klasikinio \u017eaidimo malonumu, nepriklausomai nuo j\u016bs\u0173 \u012fg\u016bd\u017ei\u0173 lygio. Eleganti\u0161kos boulingo takeliai su modernia \u012franga garantuoja skland\u0173 \u017eaidim\u0105 ir puiki\u0105 atmosfer\u0105 kiekvienam m\u016bs\u0173 sve\u010diui. &hellip; <\/p>\n<p class=\"link-more\"><a href=\"https:\/\/luna.krd.lt\/index.php\/homepage-2-3-2-2\/\" class=\"more-link\">Read more<span class=\"screen-reader-text\"> &#8220;Pramog\u0173 zona&#8221;<\/span><\/a><\/p>\n","protected":false},"author":1,"featured_media":0,"parent":0,"menu_order":0,"comment_status":"closed","ping_status":"closed","template":"page-templates\/homepage-no-hero.php","meta":{"footnotes":""},"class_list":["post-7215","page","type-page","status-publish","hentry"],"featured_media_urls":[],"_links":{"self":[{"href":"https:\/\/luna.krd.lt\/index.php\/wp-json\/wp\/v2\/pages\/7215","targetHints":{"allow":["GET"]}}],"collection":[{"href":"https:\/\/luna.krd.lt\/index.php\/wp-json\/wp\/v2\/pages"}],"about":[{"href":"https:\/\/luna.krd.lt\/index.php\/wp-json\/wp\/v2\/types\/page"}],"author":[{"embeddable":true,"href":"https:\/\/luna.krd.lt\/index.php\/wp-json\/wp\/v2\/users\/1"}],"replies":[{"embeddable":true,"href":"https:\/\/luna.krd.lt\/index.php\/wp-json\/wp\/v2\/comments?post=7215"}],"version-history":[{"count":24,"href":"https:\/\/luna.krd.lt\/index.php\/wp-json\/wp\/v2\/pages\/7215\/revisions"}],"predecessor-version":[{"id":7347,"href":"https:\/\/luna.krd.lt\/index.php\/wp-json\/wp\/v2\/pages\/7215\/revisions\/7347"}],"wp:attachment":[{"href":"https:\/\/luna.krd.lt\/index.php\/wp-json\/wp\/v2\/media?parent=7215"}],"curies":[{"name":"wp","href":"https:\/\/api.w.org\/{rel}","templated":true}]}}