{"id":7346,"date":"2024-09-16T04:39:39","date_gmt":"2024-09-16T04:39:39","guid":{"rendered":"https:\/\/luna.krd.lt\/?page_id=7346"},"modified":"2024-09-16T04:54:04","modified_gmt":"2024-09-16T04:54:04","slug":"homepage-2-4","status":"publish","type":"page","link":"https:\/\/luna.krd.lt\/index.php\/homepage-2-4\/","title":{"rendered":"Konferencij\u0173 sal\u0117"},"content":{"rendered":"\n<header class=\"wp-block-cover alignfull\" style=\"border-style:none;border-width:0px;border-radius:0px;margin-top:0;margin-bottom:0;padding-top:0;padding-right:0;padding-bottom:0;padding-left:0;min-height:100vh;aspect-ratio:unset;\"><span aria-hidden=\"true\" class=\"wp-block-cover__background has-primary-background-color has-background-dim-60 has-background-dim\"><\/span><img loading=\"lazy\" decoding=\"async\" width=\"2560\" height=\"1707\" class=\"wp-block-cover__image-background wp-image-7350\" alt=\"\" src=\"https:\/\/luna.krd.lt\/wp-content\/uploads\/2024\/09\/IMG_3040-2-scaled.jpg\" data-object-fit=\"cover\" srcset=\"https:\/\/luna.krd.lt\/wp-content\/uploads\/2024\/09\/IMG_3040-2-scaled.jpg 2560w, https:\/\/luna.krd.lt\/wp-content\/uploads\/2024\/09\/IMG_3040-2-300x200.jpg 300w, https:\/\/luna.krd.lt\/wp-content\/uploads\/2024\/09\/IMG_3040-2-1024x683.jpg 1024w, https:\/\/luna.krd.lt\/wp-content\/uploads\/2024\/09\/IMG_3040-2-2000x1334.jpg 2000w, https:\/\/luna.krd.lt\/wp-content\/uploads\/2024\/09\/IMG_3040-2-600x400.jpg 600w, https:\/\/luna.krd.lt\/wp-content\/uploads\/2024\/09\/IMG_3040-2-1200x800.jpg 1200w\" sizes=\"auto, (max-width: 2560px) 100vw, 2560px\" \/><div class=\"wp-block-cover__inner-container has-global-padding is-layout-constrained wp-container-core-cover-is-layout-72d38984 wp-block-cover-is-layout-constrained\">\n<h1 class=\"wp-block-heading has-text-align-center has-white-color has-text-color has-max-72-font-size\">Konferencij\u0173 sal\u0117<\/h1>\n\n\n\n<hr class=\"wp-block-separator has-text-color has-alpha-channel-opacity has-background is-style-default\" style=\"margin-top:var(--wp--preset--spacing--x-small);margin-bottom:var(--wp--preset--spacing--x-small);background-color:#ffffff47;color:#ffffff47\"\/>\n\n\n\n<p class=\"has-text-align-center has-white-color has-text-color has-medium-font-size\">Moderni Erdv\u0117 J\u016bs\u0173 S\u0117kmingiems Renginiams<\/p>\n\n\n\n<p><\/p>\n\n\n\n<div class=\"wp-block-buttons is-content-justification-center is-layout-flex wp-container-core-buttons-is-layout-a89b3969 wp-block-buttons-is-layout-flex\"><\/div>\n<\/div><\/header>\n\n\n\n<header class=\"wp-block-group alignfull pattern_multiple_covers has-white-background-color has-background has-global-padding is-layout-constrained wp-block-group-is-layout-constrained\" id=\"services\">\n<div style=\"height:0px\" aria-hidden=\"true\" class=\"wp-block-spacer\"><\/div>\n<\/header>\n\n\n\n<div style=\"height:11px\" aria-hidden=\"true\" class=\"wp-block-spacer\"><\/div>\n\n\n\n<div class=\"wp-block-media-text is-stacked-on-mobile\" style=\"padding-right:var(--wp--preset--spacing--x-large);padding-left:var(--wp--preset--spacing--x-large)\"><figure class=\"wp-block-media-text__media\"><img loading=\"lazy\" decoding=\"async\" width=\"1024\" height=\"683\" src=\"https:\/\/luna.krd.lt\/wp-content\/uploads\/2024\/09\/IMG_3018-1024x683.jpg\" alt=\"\" class=\"wp-image-7354 size-full\" srcset=\"https:\/\/luna.krd.lt\/wp-content\/uploads\/2024\/09\/IMG_3018-1024x683.jpg 1024w, https:\/\/luna.krd.lt\/wp-content\/uploads\/2024\/09\/IMG_3018-300x200.jpg 300w, https:\/\/luna.krd.lt\/wp-content\/uploads\/2024\/09\/IMG_3018-2000x1333.jpg 2000w, https:\/\/luna.krd.lt\/wp-content\/uploads\/2024\/09\/IMG_3018-600x400.jpg 600w, https:\/\/luna.krd.lt\/wp-content\/uploads\/2024\/09\/IMG_3018-1200x800.jpg 1200w\" sizes=\"auto, (max-width: 1024px) 100vw, 1024px\" \/><\/figure><div class=\"wp-block-media-text__content\">\n<p><strong>LUNA konferencij\u0173 sal\u0117 \u2013 tai moderni ir funkcionali erdv\u0117, idealiai tinkanti \u012fvairaus pob\u016bd\u017eio renginiams, nuo verslo susitikim\u0173 ir seminar\u0173 iki mokym\u0173 ir prezentacij\u0173. <\/strong><\/p>\n\n\n\n<p>\u012esik\u016brusi patogioje miesto vietoje, m\u016bs\u0173 konferencij\u0173 sal\u0117 si\u016blo auk\u0161\u010diausio lygio \u012frang\u0105 ir profesionalias paslaugas, kurios u\u017etikrins j\u016bs\u0173 renginio s\u0117km\u0119.<\/p>\n\n\n\n<p>Sal\u0117 apr\u016bpinta naujausia audiovizualine technika: didel\u0117s rai\u0161kos projektoriais, profesionaliomis garso sistemomis ir greitu bevieliu internetu. Erdv\u0117 lengvai pritaikoma pagal j\u016bs\u0173 poreikius. Nat\u016brali \u0161viesa ir erdvus interjeras sukuria maloni\u0105 atmosfer\u0105, skatinan\u010di\u0105 k\u016brybi\u0161kum\u0105 ir produktyvum\u0105.<\/p>\n<\/div><\/div>\n\n\n\n<div class=\"wp-block-media-text has-media-on-the-right is-stacked-on-mobile\" style=\"padding-right:var(--wp--preset--spacing--x-large);padding-left:var(--wp--preset--spacing--x-large)\"><div class=\"wp-block-media-text__content\">\n<p>M\u016bs\u0173 patyr\u0119s personalas pasir\u016bpins visomis detal\u0117mis, kad j\u016bs\u0173 renginys vykt\u0173 skland\u017eiai. Nuo technin\u0117s pagalbos iki renginio planavimo \u2013 mes esame pasiruo\u0161\u0119 pad\u0117ti kiekviename \u017eingsnyje. Taip pat si\u016blome \u012fvairias maitinimo paslaugas i\u0161 LUNA restorano: kavos pertrauk\u0117les, pietus ar net vakaro pri\u0117mimus, pritaikytus pagal j\u016bs\u0173 pageidavimus.<\/p>\n\n\n\n<p>Konferencij\u0173 sal\u0117 turi atskir\u0105 foj\u0117 zon\u0105, kurioje sve\u010diai gali registruotis ar atsipalaiduoti per pertraukas. Strategin\u0117 vieta leid\u017eia lengvai pasiekti kitus LUNA komplekso objektus, tokius kaip restoranas ar pramog\u0173 zona, tod\u0117l galite derinti darb\u0105 su malonumu.<\/p>\n<\/div><figure class=\"wp-block-media-text__media\"><img loading=\"lazy\" decoding=\"async\" width=\"1024\" height=\"683\" src=\"https:\/\/luna.krd.lt\/wp-content\/uploads\/2024\/09\/IMG_3030-2-1024x683.jpg\" alt=\"\" class=\"wp-image-7356 size-full\" srcset=\"https:\/\/luna.krd.lt\/wp-content\/uploads\/2024\/09\/IMG_3030-2-1024x683.jpg 1024w, https:\/\/luna.krd.lt\/wp-content\/uploads\/2024\/09\/IMG_3030-2-300x200.jpg 300w, https:\/\/luna.krd.lt\/wp-content\/uploads\/2024\/09\/IMG_3030-2-2000x1333.jpg 2000w, https:\/\/luna.krd.lt\/wp-content\/uploads\/2024\/09\/IMG_3030-2-600x400.jpg 600w, https:\/\/luna.krd.lt\/wp-content\/uploads\/2024\/09\/IMG_3030-2-1200x800.jpg 1200w\" sizes=\"auto, (max-width: 1024px) 100vw, 1024px\" \/><\/figure><\/div>\n\n\n\n<div style=\"height:24px\" aria-hidden=\"true\" class=\"wp-block-spacer\"><\/div>\n\n\n\n<div class=\"wp-block-media-text is-stacked-on-mobile\" style=\"padding-right:var(--wp--preset--spacing--x-large);padding-left:var(--wp--preset--spacing--x-large)\"><figure class=\"wp-block-media-text__media\"><img loading=\"lazy\" decoding=\"async\" width=\"1024\" height=\"683\" src=\"https:\/\/luna.krd.lt\/wp-content\/uploads\/2024\/09\/IMG_3049-2-1024x683.jpg\" alt=\"\" class=\"wp-image-7355 size-full\" srcset=\"https:\/\/luna.krd.lt\/wp-content\/uploads\/2024\/09\/IMG_3049-2-1024x683.jpg 1024w, https:\/\/luna.krd.lt\/wp-content\/uploads\/2024\/09\/IMG_3049-2-300x200.jpg 300w, https:\/\/luna.krd.lt\/wp-content\/uploads\/2024\/09\/IMG_3049-2-2000x1333.jpg 2000w, https:\/\/luna.krd.lt\/wp-content\/uploads\/2024\/09\/IMG_3049-2-600x400.jpg 600w, https:\/\/luna.krd.lt\/wp-content\/uploads\/2024\/09\/IMG_3049-2-1200x800.jpg 1200w\" sizes=\"auto, (max-width: 1024px) 100vw, 1024px\" \/><\/figure><div class=\"wp-block-media-text__content\">\n<p><strong>Pasirinkdami LUNA konferencij\u0173 sal\u0119, j\u016bs gaunate ne tik moderni\u0105 erdv\u0119, bet ir partner\u012f, kuris r\u016bpinasi j\u016bs\u0173 renginio s\u0117kme. <\/strong><\/p>\n\n\n\n<p>Mes siekiame, kad kiekvienas renginys b\u016bt\u0173 unikalus ir atitikt\u0173 auk\u0161\u010diausius standartus. Leiskite mums pad\u0117ti jums sukurti \u012fsimintin\u0105 patirt\u012f, kuri paliks teigiam\u0105 \u012fsp\u016bd\u012f j\u016bs\u0173 sve\u010diams ir prisid\u0117s prie j\u016bs\u0173 tiksl\u0173 \u012fgyvendinimo.<\/p>\n<\/div><\/div>\n\n\n\n<div style=\"height:100px\" aria-hidden=\"true\" class=\"wp-block-spacer\"><\/div>\n\n\n\n<div class=\"wp-block-cover alignfull is-position-center-center\" style=\"border-style:none;border-width:0px;border-radius:0px;margin-top:0;margin-bottom:0;padding-right:0;padding-bottom:0;padding-left:0;min-height:100vh;aspect-ratio:unset;\"><span aria-hidden=\"true\" class=\"wp-block-cover__background has-primary-background-color has-background-dim-60 has-background-dim\"><\/span><img loading=\"lazy\" decoding=\"async\" width=\"2560\" height=\"1707\" class=\"wp-block-cover__image-background wp-image-7358\" alt=\"\" src=\"https:\/\/luna.krd.lt\/wp-content\/uploads\/2024\/09\/IMG_3036-scaled.jpg\" data-object-fit=\"cover\" srcset=\"https:\/\/luna.krd.lt\/wp-content\/uploads\/2024\/09\/IMG_3036-scaled.jpg 2560w, https:\/\/luna.krd.lt\/wp-content\/uploads\/2024\/09\/IMG_3036-300x200.jpg 300w, https:\/\/luna.krd.lt\/wp-content\/uploads\/2024\/09\/IMG_3036-1024x683.jpg 1024w, https:\/\/luna.krd.lt\/wp-content\/uploads\/2024\/09\/IMG_3036-2000x1333.jpg 2000w, https:\/\/luna.krd.lt\/wp-content\/uploads\/2024\/09\/IMG_3036-600x400.jpg 600w, https:\/\/luna.krd.lt\/wp-content\/uploads\/2024\/09\/IMG_3036-1200x800.jpg 1200w\" sizes=\"auto, (max-width: 2560px) 100vw, 2560px\" \/><div class=\"wp-block-cover__inner-container is-layout-flow wp-container-core-cover-is-layout-084746a6 wp-block-cover-is-layout-flow\">\n<div class=\"wp-block-group has-global-padding is-layout-constrained wp-block-group-is-layout-constrained\">\n<div style=\"height:32px\" aria-hidden=\"true\" class=\"wp-block-spacer\"><\/div>\n\n\n\n<p class=\"has-text-align-center has-white-color has-text-color has-x-large-font-size\"><strong>M\u016bs\u0173 adresas<\/strong><\/p>\n\n\n\n<p class=\"has-text-align-center has-medium-font-size\">Mokyklos g. 1, Mokolai, 68460 Marijampol\u0117s sav. Lietuva.<\/p>\n\n\n\n<p class=\"has-text-align-center has-medium-font-size\">Telefonas: (0-620) 46999<\/p>\n\n\n\n<div style=\"height:31px\" aria-hidden=\"true\" class=\"wp-block-spacer\"><\/div>\n\n\n\n<div class=\"wp-block-buttons is-horizontal is-content-justification-center is-layout-flex wp-container-core-buttons-is-layout-03627597 wp-block-buttons-is-layout-flex\">\n<div class=\"wp-block-button\"><a class=\"wp-block-button__link wp-element-button\">GAUTI NUORODAS<\/a><\/div>\n<\/div>\n<\/div>\n<\/div><\/div>\n","protected":false},"excerpt":{"rendered":"<p>LUNA konferencij\u0173 sal\u0117 \u2013 tai moderni ir funkcionali erdv\u0117, idealiai tinkanti \u012fvairaus pob\u016bd\u017eio renginiams, nuo verslo susitikim\u0173 ir seminar\u0173 iki mokym\u0173 ir prezentacij\u0173. \u012esik\u016brusi patogioje miesto vietoje, m\u016bs\u0173 konferencij\u0173 sal\u0117 si\u016blo auk\u0161\u010diausio lygio \u012frang\u0105 ir profesionalias paslaugas, kurios u\u017etikrins j\u016bs\u0173 renginio s\u0117km\u0119. Sal\u0117 apr\u016bpinta naujausia audiovizualine technika: didel\u0117s rai\u0161kos projektoriais, profesionaliomis garso sistemomis ir greitu &hellip; <\/p>\n<p class=\"link-more\"><a href=\"https:\/\/luna.krd.lt\/index.php\/homepage-2-4\/\" class=\"more-link\">Read more<span class=\"screen-reader-text\"> &#8220;Konferencij\u0173 sal\u0117&#8221;<\/span><\/a><\/p>\n","protected":false},"author":1,"featured_media":0,"parent":0,"menu_order":0,"comment_status":"closed","ping_status":"closed","template":"page-templates\/homepage-no-hero.php","meta":{"footnotes":""},"class_list":["post-7346","page","type-page","status-publish","hentry"],"featured_media_urls":[],"_links":{"self":[{"href":"https:\/\/luna.krd.lt\/index.php\/wp-json\/wp\/v2\/pages\/7346","targetHints":{"allow":["GET"]}}],"collection":[{"href":"https:\/\/luna.krd.lt\/index.php\/wp-json\/wp\/v2\/pages"}],"about":[{"href":"https:\/\/luna.krd.lt\/index.php\/wp-json\/wp\/v2\/types\/page"}],"author":[{"embeddable":true,"href":"https:\/\/luna.krd.lt\/index.php\/wp-json\/wp\/v2\/users\/1"}],"replies":[{"embeddable":true,"href":"https:\/\/luna.krd.lt\/index.php\/wp-json\/wp\/v2\/comments?post=7346"}],"version-history":[{"count":4,"href":"https:\/\/luna.krd.lt\/index.php\/wp-json\/wp\/v2\/pages\/7346\/revisions"}],"predecessor-version":[{"id":7362,"href":"https:\/\/luna.krd.lt\/index.php\/wp-json\/wp\/v2\/pages\/7346\/revisions\/7362"}],"wp:attachment":[{"href":"https:\/\/luna.krd.lt\/index.php\/wp-json\/wp\/v2\/media?parent=7346"}],"curies":[{"name":"wp","href":"https:\/\/api.w.org\/{rel}","templated":true}]}}